{"id":25078,"date":"2020-08-31T11:33:09","date_gmt":"2020-08-31T09:33:09","guid":{"rendered":"https:\/\/disport.fun\/?page_id=25078"},"modified":"2020-08-31T11:56:39","modified_gmt":"2020-08-31T09:56:39","slug":"polityka-prywatnosci","status":"publish","type":"page","link":"https:\/\/disport.fun\/index.php\/polityka-prywatnosci\/","title":{"rendered":"Polityka prywatno\u015bci"},"content":{"rendered":"\n\t<p><b>POLITYKA PRYWATNO\u015aCI &#8211; <\/b><b>RODZINNE CENTRUM SPORTU DI SPORT<\/b><\/p>\n<p>Poufno\u015b\u0107 danych i ochrona prywatno\u015bci naszych Klient\u00f3w jest dla nas priorytetem. W zwi\u0105zku z tym w trosce o bezpiecze\u0144stwo Twoich danych oraz respektuj\u0105c obowi\u0105zuj\u0105ce przepisy prawa, w Rodzinnym Centrum Sportu DI Sport wprowadzono polityk\u0119 okre\u015blaj\u0105c\u0105 zasady dotycz\u0105ce sposobu przetwarzania i wykorzystywania danych osobowych.<\/p>\n<p>CEL PRZETWARZANIA DANYCH OSOBOWYCH<\/p>\n<p>Dane osobowe zbierane s\u0105 w celu zapewnienia realizacji us\u0142ug sportowych\u00a0 na terenie Rodzinnego Centrum Sportu DI Sport tj.: <b>rezerwowania termin\u00f3w<\/b> wynajmu kort\u00f3w, sali zaj\u0119\u0107 dla dzieci,\u00a0 <b>kontaktu z klientami<\/b> w razie wyst\u0105pienia sytuacji specjalnych, oraz umo\u017cliwienia dochodzenia <b>roszcze\u0144 klubu w wypadku strat<\/b> powsta\u0142ych z przyczyn le\u017c\u0105cych po stronie u\u017cytkownika kortu. Zbierane dane to imi\u0119, nazwisko, adres, nr telefonu, opcjonalnie adres e-mail. <b>Za dodatkow\u0105 zgod\u0105<\/b> u\u017cytkownika, klub mo\u017ce przesy\u0142a\u0107 <b>informacje marketingowe<\/b> np. o zwolnionym terminie wynajmu, promocjach lub ofertach typu last minute.<\/p>\n<p>ADMINISTRATOR DANYCH OSOBOWYCH<\/p>\n<p>Administratorem Twoich danych osobowych jest DI Sport sp. z o.o. sp.k. z\u00a0siedzib\u0105: 32-040 \u015awi\u0105tniki G\u00f3rne, ul. Stawowa 18A<\/p>\n<p>Przys\u0142uguj\u0105 Pa\u0144stwu nast\u0119puj\u0105ce prawa zwi\u0105zane z przetwarzaniem danych osobowych:<\/p>\n<ol>\n<li>prawo do wniesienia sprzeciwu wobec przetwarzania danych w celach marketingowych \u2013 jako \u017ce przetwarzamy Twoje dane w celach marketingowych na podstawie prawnie uzasadnionego interesu,<\/li>\n<li>prawo do wniesienia sprzeciwu wobec przetwarzania danych ze wzgl\u0119du na szczeg\u00f3ln\u0105 sytuacj\u0119 \u2013 w przypadkach, kiedy przetwarzamy Twoje dane na podstawie naszego prawnie uzasadnionego interesu,<\/li>\n<li>prawo wycofania zgody,<\/li>\n<li>prawo dost\u0119pu do Twoich danych osobowych,<\/li>\n<li>prawo \u017c\u0105dania sprostowania Twoich danych osobowych,<\/li>\n<li>prawo \u017c\u0105dania usuni\u0119cia Twoich danych osobowych, tylko w sytuacji je\u015bli nie b\u0119dziemy zobligowani przepisami prawa do ich przetwarzania,<\/li>\n<li>prawo \u017c\u0105dania ograniczenia przetwarzania Twoich danych osobowych,<\/li>\n<li>prawo do przenoszenia Twoich danych osobowych, tj. prawo otrzymania od nas Twoich danych osobowych, w ustrukturyzowanym, powszechnie u\u017cywanym formacie informatycznym nadaj\u0105cym si\u0119 do odczytu maszynowego.<\/li>\n<li>prawo wniesienia skargi do organu nadzorczego zajmuj\u0105cego si\u0119 ochron\u0105 danych osobowych, tj. Prezesa Urz\u0119du Ochrony Danych Osobowych.<\/li>\n<\/ol>\n<p>Aby m\u00f3c skorzysta\u0107 z praw okre\u015blonych w punktach, prosimy o kontakt z nami pod adresem: monika@disport.fun Po analizie otrzymanego zg\u0142oszenia, otrzymaj\u0105 Pa\u0144stwo informacj\u0119 zwrotn\u0105 dotycz\u0105c\u0105 realizacji prawa, kt\u00f3rego dotyczy\u0142o zg\u0142oszenie. Przewidywany czas odpowiedzi to 7 dni roboczych.<\/p>\n<p>WYKORZYSTANIE CIASTECZEK (COOKIES)<\/p>\n<p><b>\u00a0<\/b>Administrator informuje, \u017ce na swojej stronie internetowej stosuje mechanizm plik\u00f3w \u201ecookies\u201d, kt\u00f3re podczas korzystania przez Pa\u0144stwa ze strony internetowej zapisywane s\u0105 przez serwer Administratora na dysku twardym Twojego urz\u0105dzenia ko\u0144cowej (np. komputera, smartphone-u, tabletu).<\/p>\n<p>Stosowanie plik\u00f3w \u201ecookies\u201d ma na celu poprawienie dzia\u0142ania strony internetowej Administratora na urz\u0105dzeniach ko\u0144cowych swoich klient\u00f3w. Mechanizm ten nie niszczy Pa\u0144stwa urz\u0105dzenia ko\u0144cowego oraz nie powoduje zmian konfiguracji tego urz\u0105dzenia, ani w zainstalowanym na nim oprogramowaniu. Pliki \u201ecookies\u201d nie maj\u0105 na celu identyfikowania Pa\u0144stwa przez Administratora.<\/p>\n<p>Administrator stosuje pliki \u201ecookies\u201d w celu:<\/p>\n<ul>\n<li>zapami\u0119tania informacji o Pa\u0144stwa urz\u0105dzeniu ko\u0144cowym,<\/li>\n<li>weryfikacji i rozwoju swojej oferty,<\/li>\n<li>statystycznym.<\/li>\n<\/ul>\n<p>Mo\u017cna w ka\u017cdym czasie wy\u0142\u0105czy\u0107 mechanizm plik\u00f3w \u201ecookies\u201d w przegl\u0105darce internetowej swojego urz\u0105dzenia ko\u0144cowego. Administrator informuje jednak, \u017ce wy\u0142\u0105czenie plik\u00f3w \u201ecookis\u201d mo\u017ce spowodowa\u0107 utrudnienia lub uniemo\u017cliwi\u0107 korzystanie ze strony internetowej Administratora.<\/p>\n<p>ZABEZPIECZENIE DANYCH OSOBOWYCH<\/p>\n<p>DI Sport sp. z o.o .sp.k.\u00a0stosuje zabezpieczenia zapewniaj\u0105ce ochron\u0119 danych przed utrat\u0105, niew\u0142a\u015bciwym wykorzystaniem i modyfikacj\u0105.\u00a0Celem DI Sport sp. z o.o. sp.k. jest zapewnienie jak najdalej posuni\u0119tej ochrony danych osobowych. W celu zapewnienia bezpiecze\u0144stwa przekazu komunikat\u00f3w i danych w zwi\u0105zku ze \u015bwiadczonymi w ramach Centrum us\u0142ug, Rodzinne Centrum Sportu DI Sport podejmuje \u015brodki techniczne i organizacyjne odpowiednie do stopnia zagro\u017cenia bezpiecze\u0144stwa \u015bwiadczonych us\u0142ug, w szczeg\u00f3lno\u015bci \u015brodki s\u0142u\u017c\u0105ce zapobieganiu pozyskiwania i modyfikacji przez osoby nieuprawnione danych osobowych przesy\u0142anych informacji.<\/p>\n<p>Dane osobowe w\u00a0Rodzinnym Centrum Sportu DI Sport s\u0105 chronione zgodnie z Ustaw\u0105 z dnia 29 sierpnia 1997 r. o ochronie danych osobowych (tekst jednolity Dz. U. z 2002 r. Nr 101 poz. 926, ze zm.) w spos\u00f3b uniemo\u017cliwiaj\u0105cy dost\u0119p do nich os\u00f3b trzecich.<\/p>\n<p>UDOST\u0118PNIANIE DANYCH<\/p>\n<p>DI Sport sp. z o.o sp.k. b\u0119dzie przekazywa\u0107 Pa\u0144stwa dane osobowe:<\/p>\n<ul>\n<li>podmiotom przetwarzaj\u0105cym dane w imieniu administratora danych,<\/li>\n<li>podmiotom uprawnionym przepisami prawa,<\/li>\n<li>podmiotom i osobom fizycznym upowa\u017cnionym przez Ciebie.<\/li>\n<\/ul>\n<p><b>DI Sport sp. z o.o. sp.k. <\/b>\u00a0zastrzega sobie prawo do\u00a0zmian w\u00a0tre\u015bci polityki prywatno\u015bci w\u00a0sytuacji m.in. zmian w obowi\u0105zuj\u0105cych przepisach prawa.<\/p>\n<p>&nbsp;<\/p>\n","protected":false},"excerpt":{"rendered":"<p>POLITYKA PRYWATNO\u015aCI &#8211; RODZINNE CENTRUM SPORTU DI SPORT Poufno\u015b\u0107 danych i ochrona prywatno\u015bci naszych Klient\u00f3w jest dla nas priorytetem. W zwi\u0105zku z tym w trosce o bezpiecze\u0144stwo Twoich danych oraz respektuj\u0105c obowi\u0105zuj\u0105ce przepisy prawa, w Rodzinnym Centrum Sportu DI Sport wprowadzono polityk\u0119 okre\u015blaj\u0105c\u0105 zasady dotycz\u0105ce sposobu przetwarzania i wykorzystywania danych osobowych. CEL PRZETWARZANIA DANYCH OSOBOWYCH&hellip;&nbsp;<a href=\"https:\/\/disport.fun\/index.php\/polityka-prywatnosci\/\" class=\"\" rel=\"bookmark\">Czytaj wi\u0119cej &raquo;<span class=\"screen-reader-text\">Polityka prywatno\u015bci<\/span><\/a><\/p>\n","protected":false},"author":1,"featured_media":0,"parent":0,"menu_order":0,"comment_status":"closed","ping_status":"closed","template":"","meta":{"neve_meta_sidebar":"","neve_meta_container":"","neve_meta_enable_content_width":"","neve_meta_content_width":0,"neve_meta_title_alignment":"","neve_meta_author_avatar":"","neve_post_elements_order":"","neve_meta_disable_header":"","neve_meta_disable_footer":"","neve_meta_disable_title":"","spay_email":"","footnotes":""},"class_list":["post-25078","page","type-page","status-publish","hentry"],"yoast_head":"<!-- This site is optimized with the Yoast SEO plugin v14.9 - https:\/\/yoast.com\/wordpress\/plugins\/seo\/ -->\n<title>Polityka prywatno\u015bci - DI Sport<\/title>\n<meta name=\"description\" content=\"D.I. Sport Rodzinne Centrum Sportu oferuj\u0105ce szereg us\u0142ug z zakresu: squash, sauna, centrum treningu &amp; fizjoterapia zaj\u0119cia sportowe dla dzieci Ninja Club zaj\u0119cia dla doros\u0142ych z zakresu treningu przygotowuj\u0105cego do bieg\u00f3w z przeszkodami.\" \/>\n<meta name=\"robots\" content=\"index, follow, max-snippet:-1, max-image-preview:large, max-video-preview:-1\" \/>\n<link rel=\"canonical\" href=\"https:\/\/disport.fun\/index.php\/polityka-prywatnosci\/\" \/>\n<meta property=\"og:locale\" content=\"pl_PL\" \/>\n<meta property=\"og:type\" content=\"article\" \/>\n<meta property=\"og:title\" content=\"Polityka prywatno\u015bci - DI Sport\" \/>\n<meta property=\"og:description\" content=\"D.I. Sport Rodzinne Centrum Sportu oferuj\u0105ce szereg us\u0142ug z zakresu: squash, sauna, centrum treningu &amp; fizjoterapia zaj\u0119cia sportowe dla dzieci Ninja Club zaj\u0119cia dla doros\u0142ych z zakresu treningu przygotowuj\u0105cego do bieg\u00f3w z przeszkodami.\" \/>\n<meta property=\"og:url\" content=\"https:\/\/disport.fun\/index.php\/polityka-prywatnosci\/\" \/>\n<meta property=\"og:site_name\" content=\"DI Sport\" \/>\n<meta property=\"article:publisher\" content=\"https:\/\/www.facebook.com\/rodzinnecentrumsportukrakow\" \/>\n<meta property=\"article:modified_time\" content=\"2020-08-31T09:56:39+00:00\" \/>\n<meta property=\"og:image\" content=\"https:\/\/i2.wp.com\/disport.fun\/wp-content\/uploads\/2020\/08\/rakieta1.jpg?fit=1706%2C900&#038;ssl=1\" \/>\n\t<meta property=\"og:image:width\" content=\"1706\" \/>\n\t<meta property=\"og:image:height\" content=\"900\" \/>\n<meta name=\"twitter:card\" content=\"summary_large_image\" \/>\n<script type=\"application\/ld+json\" class=\"yoast-schema-graph\">{\"@context\":\"https:\/\/schema.org\",\"@graph\":[{\"@type\":\"Organization\",\"@id\":\"https:\/\/disport.fun\/#organization\",\"name\":\"DI Sport Rodzinne Centrum Sportu\",\"url\":\"https:\/\/disport.fun\/\",\"sameAs\":[\"https:\/\/www.facebook.com\/rodzinnecentrumsportukrakow\",\"https:\/\/www.instagram.com\/centrum_sportu_d.i.sport\/\"],\"logo\":{\"@type\":\"ImageObject\",\"@id\":\"https:\/\/disport.fun\/#logo\",\"inLanguage\":\"pl-PL\",\"url\":\"https:\/\/i2.wp.com\/disport.fun\/wp-content\/uploads\/2020\/08\/logo1.png?fit=500%2C500&ssl=1\",\"width\":500,\"height\":500,\"caption\":\"DI Sport Rodzinne Centrum Sportu\"},\"image\":{\"@id\":\"https:\/\/disport.fun\/#logo\"}},{\"@type\":\"WebSite\",\"@id\":\"https:\/\/disport.fun\/#website\",\"url\":\"https:\/\/disport.fun\/\",\"name\":\"DI Sport Krak\\u00f3w\",\"description\":\"Rodzinne centrum sportu\",\"publisher\":{\"@id\":\"https:\/\/disport.fun\/#organization\"},\"potentialAction\":[{\"@type\":\"SearchAction\",\"target\":\"https:\/\/disport.fun\/?s={search_term_string}\",\"query-input\":\"required name=search_term_string\"}],\"inLanguage\":\"pl-PL\"},{\"@type\":\"WebPage\",\"@id\":\"https:\/\/disport.fun\/index.php\/polityka-prywatnosci\/#webpage\",\"url\":\"https:\/\/disport.fun\/index.php\/polityka-prywatnosci\/\",\"name\":\"Polityka prywatno\\u015bci - DI Sport\",\"isPartOf\":{\"@id\":\"https:\/\/disport.fun\/#website\"},\"datePublished\":\"2020-08-31T09:33:09+00:00\",\"dateModified\":\"2020-08-31T09:56:39+00:00\",\"description\":\"D.I. Sport Rodzinne Centrum Sportu oferuj\\u0105ce szereg us\\u0142ug z zakresu: squash, sauna, centrum treningu & fizjoterapia zaj\\u0119cia sportowe dla dzieci Ninja Club zaj\\u0119cia dla doros\\u0142ych z zakresu treningu przygotowuj\\u0105cego do bieg\\u00f3w z przeszkodami.\",\"inLanguage\":\"pl-PL\",\"potentialAction\":[{\"@type\":\"ReadAction\",\"target\":[\"https:\/\/disport.fun\/index.php\/polityka-prywatnosci\/\"]}]}]}<\/script>\n<!-- \/ Yoast SEO plugin. -->","_links":{"self":[{"href":"https:\/\/disport.fun\/index.php\/wp-json\/wp\/v2\/pages\/25078","targetHints":{"allow":["GET"]}}],"collection":[{"href":"https:\/\/disport.fun\/index.php\/wp-json\/wp\/v2\/pages"}],"about":[{"href":"https:\/\/disport.fun\/index.php\/wp-json\/wp\/v2\/types\/page"}],"author":[{"embeddable":true,"href":"https:\/\/disport.fun\/index.php\/wp-json\/wp\/v2\/users\/1"}],"replies":[{"embeddable":true,"href":"https:\/\/disport.fun\/index.php\/wp-json\/wp\/v2\/comments?post=25078"}],"version-history":[{"count":2,"href":"https:\/\/disport.fun\/index.php\/wp-json\/wp\/v2\/pages\/25078\/revisions"}],"predecessor-version":[{"id":25091,"href":"https:\/\/disport.fun\/index.php\/wp-json\/wp\/v2\/pages\/25078\/revisions\/25091"}],"wp:attachment":[{"href":"https:\/\/disport.fun\/index.php\/wp-json\/wp\/v2\/media?parent=25078"}],"curies":[{"name":"wp","href":"https:\/\/api.w.org\/{rel}","templated":true}]}}