{"id":25110,"date":"2020-08-31T13:02:14","date_gmt":"2020-08-31T11:02:14","guid":{"rendered":"https:\/\/disport.fun\/?page_id=25110"},"modified":"2024-05-07T13:51:53","modified_gmt":"2024-05-07T11:51:53","slug":"kontakt-2","status":"publish","type":"page","link":"https:\/\/disport.fun\/index.php\/kontakt-2\/","title":{"rendered":"Kontakt"},"content":{"rendered":"\n<h2>Kontakt<\/h2>\n<strong>Dane firmy:<\/strong><br>\nDI Sport sp. z o.o. sp.k.<br>\nz siedzib\u0105 ul. Stawowa 18A<br>\n32-040 \u015awi\u0105tniki G\u00f3rne<br>\nNIP: 9442268655<br>\nREGON: 386635268\n<strong>Adres korespondencyjny:<\/strong><br>\nDI Sport sp. z o.o. sp.k.<br>\nKsi\u0119cia J\u00f3zefa 54a<br>\n30-206 Krak\u00f3w<br>\ntel: <strong><a href=\"tel:+48 517 827 720\">+48 517 827 720<\/a><\/strong><br>\nemail: <a href=\"mailto:kontakt@disport.fun\">kontaktdisport@gmail.com<\/a>\n<p><strong>zaj\u0119cia sportowe w RCS:&nbsp;<\/strong><\/p>\n<p>Monika, 536 363 341<\/p>\n<p>28 1020 2906 0000 1702 0454 1561<\/p>\n<p>&nbsp;<\/p>\n","protected":false},"excerpt":{"rendered":"<p>Kontakt Dane firmy: DI Sport sp. z o.o. sp.k. z siedzib\u0105 ul. Stawowa 18A 32-040 \u015awi\u0105tniki G\u00f3rne NIP: 9442268655 REGON: 386635268 Adres korespondencyjny: DI Sport sp. z o.o. sp.k. Ksi\u0119cia J\u00f3zefa 54a 30-206 Krak\u00f3w tel: +48 517 827 720 email: kontaktdisport@gmail.com zaj\u0119cia sportowe w RCS:&nbsp; Monika, 536 363 341 28 1020 2906 0000 1702 0454&hellip;&nbsp;<a href=\"https:\/\/disport.fun\/index.php\/kontakt-2\/\" class=\"\" rel=\"bookmark\">Czytaj wi\u0119cej &raquo;<span class=\"screen-reader-text\">Kontakt<\/span><\/a><\/p>\n","protected":false},"author":1,"featured_media":0,"parent":0,"menu_order":0,"comment_status":"closed","ping_status":"closed","template":"page-templates\/template-pagebuilder-full-width.php","meta":{"neve_meta_sidebar":"full-width","neve_meta_container":"","neve_meta_enable_content_width":"on","neve_meta_content_width":100,"neve_meta_title_alignment":"","neve_meta_author_avatar":"","neve_post_elements_order":"","neve_meta_disable_header":"","neve_meta_disable_footer":"","neve_meta_disable_title":"","spay_email":"","footnotes":""},"class_list":["post-25110","page","type-page","status-publish","hentry"],"yoast_head":"<!-- This site is optimized with the Yoast SEO plugin v14.9 - https:\/\/yoast.com\/wordpress\/plugins\/seo\/ -->\n<title>Kontakt - DI Sport<\/title>\n<meta name=\"description\" content=\"D.I. Sport Rodzinne Centrum Sportu oferuj\u0105ce szereg us\u0142ug z zakresu: squash, sauna, centrum treningu &amp; fizjoterapia zaj\u0119cia sportowe dla dzieci Ninja Club zaj\u0119cia dla doros\u0142ych z zakresu treningu przygotowuj\u0105cego do bieg\u00f3w z przeszkodami.\" \/>\n<meta name=\"robots\" content=\"index, follow, max-snippet:-1, max-image-preview:large, max-video-preview:-1\" \/>\n<link rel=\"canonical\" href=\"https:\/\/disport.fun\/index.php\/kontakt-2\/\" \/>\n<meta property=\"og:locale\" content=\"pl_PL\" \/>\n<meta property=\"og:type\" content=\"article\" \/>\n<meta property=\"og:title\" content=\"Kontakt - DI Sport\" \/>\n<meta property=\"og:description\" content=\"D.I. Sport Rodzinne Centrum Sportu oferuj\u0105ce szereg us\u0142ug z zakresu: squash, sauna, centrum treningu &amp; fizjoterapia zaj\u0119cia sportowe dla dzieci Ninja Club zaj\u0119cia dla doros\u0142ych z zakresu treningu przygotowuj\u0105cego do bieg\u00f3w z przeszkodami.\" \/>\n<meta property=\"og:url\" content=\"https:\/\/disport.fun\/index.php\/kontakt-2\/\" \/>\n<meta property=\"og:site_name\" content=\"DI Sport\" \/>\n<meta property=\"article:publisher\" content=\"https:\/\/www.facebook.com\/rodzinnecentrumsportukrakow\" \/>\n<meta property=\"article:modified_time\" content=\"2024-05-07T11:51:53+00:00\" \/>\n<meta property=\"og:image\" content=\"https:\/\/i2.wp.com\/disport.fun\/wp-content\/uploads\/2020\/08\/rakieta1.jpg?fit=1706%2C900&#038;ssl=1\" \/>\n\t<meta property=\"og:image:width\" content=\"1706\" \/>\n\t<meta property=\"og:image:height\" content=\"900\" \/>\n<meta name=\"twitter:card\" content=\"summary_large_image\" \/>\n<script type=\"application\/ld+json\" class=\"yoast-schema-graph\">{\"@context\":\"https:\/\/schema.org\",\"@graph\":[{\"@type\":\"Organization\",\"@id\":\"https:\/\/disport.fun\/#organization\",\"name\":\"DI Sport Rodzinne Centrum Sportu\",\"url\":\"https:\/\/disport.fun\/\",\"sameAs\":[\"https:\/\/www.facebook.com\/rodzinnecentrumsportukrakow\",\"https:\/\/www.instagram.com\/centrum_sportu_d.i.sport\/\"],\"logo\":{\"@type\":\"ImageObject\",\"@id\":\"https:\/\/disport.fun\/#logo\",\"inLanguage\":\"pl-PL\",\"url\":\"https:\/\/i2.wp.com\/disport.fun\/wp-content\/uploads\/2020\/08\/logo1.png?fit=500%2C500&ssl=1\",\"width\":500,\"height\":500,\"caption\":\"DI Sport Rodzinne Centrum Sportu\"},\"image\":{\"@id\":\"https:\/\/disport.fun\/#logo\"}},{\"@type\":\"WebSite\",\"@id\":\"https:\/\/disport.fun\/#website\",\"url\":\"https:\/\/disport.fun\/\",\"name\":\"DI Sport Krak\\u00f3w\",\"description\":\"Rodzinne centrum sportu\",\"publisher\":{\"@id\":\"https:\/\/disport.fun\/#organization\"},\"potentialAction\":[{\"@type\":\"SearchAction\",\"target\":\"https:\/\/disport.fun\/?s={search_term_string}\",\"query-input\":\"required name=search_term_string\"}],\"inLanguage\":\"pl-PL\"},{\"@type\":\"WebPage\",\"@id\":\"https:\/\/disport.fun\/index.php\/kontakt-2\/#webpage\",\"url\":\"https:\/\/disport.fun\/index.php\/kontakt-2\/\",\"name\":\"Kontakt - DI Sport\",\"isPartOf\":{\"@id\":\"https:\/\/disport.fun\/#website\"},\"datePublished\":\"2020-08-31T11:02:14+00:00\",\"dateModified\":\"2024-05-07T11:51:53+00:00\",\"description\":\"D.I. Sport Rodzinne Centrum Sportu oferuj\\u0105ce szereg us\\u0142ug z zakresu: squash, sauna, centrum treningu & fizjoterapia zaj\\u0119cia sportowe dla dzieci Ninja Club zaj\\u0119cia dla doros\\u0142ych z zakresu treningu przygotowuj\\u0105cego do bieg\\u00f3w z przeszkodami.\",\"inLanguage\":\"pl-PL\",\"potentialAction\":[{\"@type\":\"ReadAction\",\"target\":[\"https:\/\/disport.fun\/index.php\/kontakt-2\/\"]}]}]}<\/script>\n<!-- \/ Yoast SEO plugin. -->","_links":{"self":[{"href":"https:\/\/disport.fun\/index.php\/wp-json\/wp\/v2\/pages\/25110","targetHints":{"allow":["GET"]}}],"collection":[{"href":"https:\/\/disport.fun\/index.php\/wp-json\/wp\/v2\/pages"}],"about":[{"href":"https:\/\/disport.fun\/index.php\/wp-json\/wp\/v2\/types\/page"}],"author":[{"embeddable":true,"href":"https:\/\/disport.fun\/index.php\/wp-json\/wp\/v2\/users\/1"}],"replies":[{"embeddable":true,"href":"https:\/\/disport.fun\/index.php\/wp-json\/wp\/v2\/comments?post=25110"}],"version-history":[{"count":11,"href":"https:\/\/disport.fun\/index.php\/wp-json\/wp\/v2\/pages\/25110\/revisions"}],"predecessor-version":[{"id":25798,"href":"https:\/\/disport.fun\/index.php\/wp-json\/wp\/v2\/pages\/25110\/revisions\/25798"}],"wp:attachment":[{"href":"https:\/\/disport.fun\/index.php\/wp-json\/wp\/v2\/media?parent=25110"}],"curies":[{"name":"wp","href":"https:\/\/api.w.org\/{rel}","templated":true}]}}