{"id":25579,"date":"2022-01-05T17:49:25","date_gmt":"2022-01-05T15:49:25","guid":{"rendered":"https:\/\/disport.fun\/?page_id=25579"},"modified":"2025-05-15T13:29:55","modified_gmt":"2025-05-15T11:29:55","slug":"polkolonie-krakow","status":"publish","type":"page","link":"https:\/\/disport.fun\/index.php\/polkolonie-krakow\/","title":{"rendered":"Kolonie &#038; P\u00f3\u0142kolonie"},"content":{"rendered":"\n<p><strong>Aktywne Obozy i P\u00f3\u0142kolonie dla Dzieci w Krakowie i Okolicach!<\/strong><\/p>\n\n\n\n<p><strong>Wprowadzenie:<\/strong><\/p>\n\n\n\n<p>Szukasz idealnego sposobu na aktywne i pe\u0142ne przyg\u00f3d wakacje lub ferie dla Twojego dziecka w <strong>Krakowie<\/strong> lub pobliskich miejscowo\u015bciach takich jak <strong>Skawina<\/strong>, <strong>Wieliczka<\/strong>, <strong>Niepo\u0142omice<\/strong>, <strong>Zabierz\u00f3w<\/strong>, <strong>Liszki<\/strong> czy <strong>\u015awi\u0105tniki G\u00f3rne<\/strong>? Grupa Disport, stworzona przez <strong>Dariusza i Monik\u0119 Ilnickich<\/strong>, z ponad 10-letnim do\u015bwiadczeniem w organizacji zaj\u0119\u0107 sportowych dla dzieci w <strong>Krakowie<\/strong> i regionie, oferuje niezapomniane <strong>obozy i p\u00f3\u0142kolonie dla dzieci<\/strong>! \u0141\u0105czymy si\u0142y naszych marek: <strong>Dzieciaki w Formie (<a href=\"https:\/\/dzieciakiwformie.pl\/\" target=\"_blank\" rel=\"noreferrer noopener\">https:\/\/dzieciakiwformie.pl\/<\/a>)<\/strong>, <strong>Rodzinnego Centrum Sportu Disport.fun (<a href=\"https:\/\/disport.fun\/\" target=\"_blank\" rel=\"noreferrer noopener\">https:\/\/disport.fun\/<\/a>)<\/strong>, <strong>Wynajmij Miko\u0142aja.pl (<a href=\"https:\/\/wynajmijmikolaja.pl\/\" target=\"_blank\" rel=\"noreferrer noopener\">https:\/\/wynajmijmikolaja.pl\/<\/a>)<\/strong> oraz <strong>DI TRAVEL (organizator oboz\u00f3w i p\u00f3\u0142kolonii z Krakowa)<\/strong>, aby zapewni\u0107 najwy\u017csz\u0105 jako\u015b\u0107 wypoczynku w dogodnej lokalizacji.<\/p>\n\n\n\n<p><strong>Odkryj Nasz\u0105 Ofert\u0119 w Regionie Krakowa:<\/strong><\/p>\n\n\n\n<ul class=\"wp-block-list\">\n<li><strong>Dzieciaki w Formie (<a href=\"https:\/\/dzieciakiwformie.pl\/\" target=\"_blank\" rel=\"noreferrer noopener\">https:\/\/dzieciakiwformie.pl\/<\/a>)<\/strong>: Cho\u0107 znani z nauki p\u0142ywania i innych sport\u00f3w w <strong>Krakowie<\/strong> i okolicach, oferujemy r\u00f3wnie\u017c aktywne programy w ramach oboz\u00f3w i p\u00f3\u0142kolonii. Organizujemy tak\u017ce <strong>eventy dla firm z Krakowa<\/strong> i regionu oraz <strong>eventy okoliczno\u015bciowe<\/strong>.<\/li>\n\n\n\n<li><strong>Rodzinne Centrum Sportu Disport.fun (<a href=\"https:\/\/disport.fun\/\" target=\"_blank\" rel=\"noreferrer noopener\">https:\/\/disport.fun\/<\/a>) w Krakowie<\/strong> to idealne miejsce na sportowe wyzwania! Nasz <strong>Ninja Club<\/strong> prowadzi <strong>zaj\u0119cia Ninja dla dzieci<\/strong> z <strong>Krakowa<\/strong> i okolic, oferuj\u0105c najlepsz\u0105 form\u0119 gimnastyki i pokonywania przeszk\u00f3d. To doskona\u0142e przygotowanie do aktywnego udzia\u0142u w naszych obozach i p\u00f3\u0142koloniach organizowanych w <strong>Krakowie<\/strong> i pobliskich lokalizacjach.<\/li>\n\n\n\n<li><strong>DI TRAVEL z Krakowa<\/strong> specjalizuje si\u0119 w organizacji bezpiecznych i atrakcyjnych <strong>oboz\u00f3w i p\u00f3\u0142kolonii dla dzieci i m\u0142odzie\u017cy z Krakowa<\/strong> i s\u0105siednich miejscowo\u015bci. Znamy doskonale potrzeby lokalnych rodzin.<\/li>\n<\/ul>\n\n\n\n<p><strong>Aktywne Obozy i P\u00f3\u0142kolonie Blisko Ciebie:<\/strong><\/p>\n\n\n\n<p>Nasze <strong>obozy sportowe dla dzieci<\/strong> i <strong>p\u00f3\u0142kolonie<\/strong> to doskona\u0142a opcja dla mieszka\u0144c\u00f3w <strong>Krakowa<\/strong>, <strong>Skawiny<\/strong>, <strong>Wieliczki<\/strong>, <strong>Niepo\u0142omic<\/strong>, <strong>Zabierzowa<\/strong>, <strong>Liszki<\/strong>, <strong>\u015awi\u0105tnik G\u00f3rnych<\/strong> i innych miejscowo\u015bci w promieniu 30-40 km. <\/p>\n\n\n\n<p><strong>Sprawd\u017a nasz\u0105 aktualn\u0105 ofert\u0119 oboz\u00f3w i p\u00f3\u0142kolonii dla dzieci w Krakowie i okolicach na stronie: <a target=\"_blank\" rel=\"noreferrer noopener\" href=\"https:\/\/dzieciakiwformie.pl\/\">https:\/\/dzieciakiwformie.pl\/<\/a><\/strong><\/p>\n\n\n\n<p><strong>Do\u0142\u0105cz do aktywnej przygody z Grup\u0105 Disport w Twojej okolicy!<\/strong><\/p>\n\n\n\n<figure class=\"wp-block-image\"><a href=\"https:\/\/dzieciakiwformie.pl\/\"><img decoding=\"async\" src=\"https:\/\/i2.wp.com\/disport.fun\/wp-content\/uploads\/2022\/07\/button.png?w=1200&#038;ssl=1\" alt=\"\" data-recalc-dims=\"1\"\/><\/a><\/figure>\n\n\n<div class=\"wp-block-image\">\n<figure class=\"aligncenter size-large\"><img loading=\"lazy\" decoding=\"async\" width=\"1024\" height=\"341\" src=\"https:\/\/i1.wp.com\/disport.fun\/wp-content\/uploads\/2024\/01\/ob3-1.png?resize=1024%2C341&#038;ssl=1\" alt=\"\" class=\"wp-image-25783\" srcset=\"https:\/\/i1.wp.com\/disport.fun\/wp-content\/uploads\/2024\/01\/ob3-1.png?resize=1024%2C341&amp;ssl=1 1024w, https:\/\/i1.wp.com\/disport.fun\/wp-content\/uploads\/2024\/01\/ob3-1.png?resize=300%2C100&amp;ssl=1 300w, https:\/\/i1.wp.com\/disport.fun\/wp-content\/uploads\/2024\/01\/ob3-1.png?resize=768%2C256&amp;ssl=1 768w, https:\/\/i1.wp.com\/disport.fun\/wp-content\/uploads\/2024\/01\/ob3-1.png?resize=1536%2C512&amp;ssl=1 1536w, https:\/\/i1.wp.com\/disport.fun\/wp-content\/uploads\/2024\/01\/ob3-1.png?resize=2048%2C683&amp;ssl=1 2048w\" sizes=\"auto, (max-width: 1024px) 100vw, 1024px\" data-recalc-dims=\"1\" \/><\/figure><\/div>\n\n<div class=\"wp-block-image\">\n<figure class=\"aligncenter size-large\"><a href=\"https:\/\/dzieciakiwformie.pl\/polkolonie\/ninja-squash\/\"><img loading=\"lazy\" decoding=\"async\" width=\"1024\" height=\"458\" src=\"https:\/\/i1.wp.com\/disport.fun\/wp-content\/uploads\/2024\/01\/1.png?resize=1024%2C458&#038;ssl=1\" alt=\"\" class=\"wp-image-25785\" srcset=\"https:\/\/i1.wp.com\/disport.fun\/wp-content\/uploads\/2024\/01\/1.png?resize=1024%2C458&amp;ssl=1 1024w, https:\/\/i1.wp.com\/disport.fun\/wp-content\/uploads\/2024\/01\/1.png?resize=300%2C134&amp;ssl=1 300w, https:\/\/i1.wp.com\/disport.fun\/wp-content\/uploads\/2024\/01\/1.png?resize=768%2C344&amp;ssl=1 768w, https:\/\/i1.wp.com\/disport.fun\/wp-content\/uploads\/2024\/01\/1.png?resize=1536%2C688&amp;ssl=1 1536w, https:\/\/i1.wp.com\/disport.fun\/wp-content\/uploads\/2024\/01\/1.png?w=1559&amp;ssl=1 1559w\" sizes=\"auto, (max-width: 1024px) 100vw, 1024px\" data-recalc-dims=\"1\" \/><\/a><\/figure><\/div>\n\n\n<figure class=\"wp-block-image\"><img decoding=\"async\" src=\"https:\/\/i0.wp.com\/disport.fun\/wp-content\/uploads\/2020\/10\/logo_biala_apla.png?resize=300%2C300&#038;ssl=1\" alt=\"\" data-recalc-dims=\"1\"\/><\/figure>\n\n\n\n<p><strong>Rodzinne Centrum Sportu DI Sport, <\/strong><br><strong>ul. Ks. J\u00f3zefa 54 a, Krak\u00f3w<\/strong><\/p>\n\n\n\n<p><strong>zapisy: <a href=\"https:\/\/www.dzieciakiwformie.pl\">www.dzieciakiwformie.pl<\/a><\/strong><\/p>\n\n\n\n<p><strong>kontakt:<\/strong>\u00a0Monika Ilnicka, biuro@dzieciakiwformie.pl, <strong>536 363 341<\/strong><\/p>\n\n\n","protected":false},"excerpt":{"rendered":"<p>Aktywne Obozy i P\u00f3\u0142kolonie dla Dzieci w Krakowie i Okolicach! Wprowadzenie: Szukasz idealnego sposobu na aktywne i pe\u0142ne przyg\u00f3d wakacje lub ferie dla Twojego dziecka w Krakowie lub pobliskich miejscowo\u015bciach takich jak Skawina, Wieliczka, Niepo\u0142omice, Zabierz\u00f3w, Liszki czy \u015awi\u0105tniki G\u00f3rne? Grupa Disport, stworzona przez Dariusza i Monik\u0119 Ilnickich, z ponad 10-letnim do\u015bwiadczeniem w organizacji zaj\u0119\u0107&hellip;&nbsp;<a href=\"https:\/\/disport.fun\/index.php\/polkolonie-krakow\/\" class=\"\" rel=\"bookmark\">Czytaj wi\u0119cej &raquo;<span class=\"screen-reader-text\">Kolonie &#038; P\u00f3\u0142kolonie<\/span><\/a><\/p>\n","protected":false},"author":2,"featured_media":0,"parent":0,"menu_order":0,"comment_status":"closed","ping_status":"closed","template":"","meta":{"neve_meta_sidebar":"full-width","neve_meta_container":"","neve_meta_enable_content_width":"on","neve_meta_content_width":100,"neve_meta_title_alignment":"","neve_meta_author_avatar":"","neve_post_elements_order":"","neve_meta_disable_header":"","neve_meta_disable_footer":"","neve_meta_disable_title":"","spay_email":"","footnotes":""},"class_list":["post-25579","page","type-page","status-publish","hentry"],"yoast_head":"<!-- This site is optimized with the Yoast SEO plugin v14.9 - https:\/\/yoast.com\/wordpress\/plugins\/seo\/ -->\n<title>Kolonie &amp; P\u00f3\u0142kolonie - DI Sport<\/title>\n<meta name=\"description\" content=\"D.I. Sport Rodzinne Centrum Sportu oferuj\u0105ce szereg us\u0142ug z zakresu: squash, sauna, centrum treningu &amp; fizjoterapia zaj\u0119cia sportowe dla dzieci Ninja Club zaj\u0119cia dla doros\u0142ych z zakresu treningu przygotowuj\u0105cego do bieg\u00f3w z przeszkodami.\" \/>\n<meta name=\"robots\" content=\"index, follow, max-snippet:-1, max-image-preview:large, max-video-preview:-1\" \/>\n<link rel=\"canonical\" href=\"https:\/\/disport.fun\/index.php\/polkolonie-krakow\/\" \/>\n<meta property=\"og:locale\" content=\"pl_PL\" \/>\n<meta property=\"og:type\" content=\"article\" \/>\n<meta property=\"og:title\" content=\"Kolonie &amp; P\u00f3\u0142kolonie - DI Sport\" \/>\n<meta property=\"og:description\" content=\"D.I. Sport Rodzinne Centrum Sportu oferuj\u0105ce szereg us\u0142ug z zakresu: squash, sauna, centrum treningu &amp; fizjoterapia zaj\u0119cia sportowe dla dzieci Ninja Club zaj\u0119cia dla doros\u0142ych z zakresu treningu przygotowuj\u0105cego do bieg\u00f3w z przeszkodami.\" \/>\n<meta property=\"og:url\" content=\"https:\/\/disport.fun\/index.php\/polkolonie-krakow\/\" \/>\n<meta property=\"og:site_name\" content=\"DI Sport\" \/>\n<meta property=\"article:publisher\" content=\"https:\/\/www.facebook.com\/rodzinnecentrumsportukrakow\" \/>\n<meta property=\"article:modified_time\" content=\"2025-05-15T11:29:55+00:00\" \/>\n<meta property=\"og:image\" content=\"https:\/\/disport.fun\/wp-content\/uploads\/2022\/07\/button.png\" \/>\n<meta name=\"twitter:card\" content=\"summary_large_image\" \/>\n<script type=\"application\/ld+json\" class=\"yoast-schema-graph\">{\"@context\":\"https:\/\/schema.org\",\"@graph\":[{\"@type\":\"Organization\",\"@id\":\"https:\/\/disport.fun\/#organization\",\"name\":\"DI Sport Rodzinne Centrum Sportu\",\"url\":\"https:\/\/disport.fun\/\",\"sameAs\":[\"https:\/\/www.facebook.com\/rodzinnecentrumsportukrakow\",\"https:\/\/www.instagram.com\/centrum_sportu_d.i.sport\/\"],\"logo\":{\"@type\":\"ImageObject\",\"@id\":\"https:\/\/disport.fun\/#logo\",\"inLanguage\":\"pl-PL\",\"url\":\"https:\/\/i2.wp.com\/disport.fun\/wp-content\/uploads\/2020\/08\/logo1.png?fit=500%2C500&ssl=1\",\"width\":500,\"height\":500,\"caption\":\"DI Sport Rodzinne Centrum Sportu\"},\"image\":{\"@id\":\"https:\/\/disport.fun\/#logo\"}},{\"@type\":\"WebSite\",\"@id\":\"https:\/\/disport.fun\/#website\",\"url\":\"https:\/\/disport.fun\/\",\"name\":\"DI Sport Krak\\u00f3w\",\"description\":\"Rodzinne centrum sportu\",\"publisher\":{\"@id\":\"https:\/\/disport.fun\/#organization\"},\"potentialAction\":[{\"@type\":\"SearchAction\",\"target\":\"https:\/\/disport.fun\/?s={search_term_string}\",\"query-input\":\"required name=search_term_string\"}],\"inLanguage\":\"pl-PL\"},{\"@type\":\"ImageObject\",\"@id\":\"https:\/\/disport.fun\/index.php\/polkolonie-krakow\/#primaryimage\",\"inLanguage\":\"pl-PL\",\"url\":\"https:\/\/i2.wp.com\/disport.fun\/wp-content\/uploads\/2022\/07\/button.png?fit=150%2C41&ssl=1\",\"width\":150,\"height\":41},{\"@type\":\"WebPage\",\"@id\":\"https:\/\/disport.fun\/index.php\/polkolonie-krakow\/#webpage\",\"url\":\"https:\/\/disport.fun\/index.php\/polkolonie-krakow\/\",\"name\":\"Kolonie & P\\u00f3\\u0142kolonie - DI Sport\",\"isPartOf\":{\"@id\":\"https:\/\/disport.fun\/#website\"},\"primaryImageOfPage\":{\"@id\":\"https:\/\/disport.fun\/index.php\/polkolonie-krakow\/#primaryimage\"},\"datePublished\":\"2022-01-05T15:49:25+00:00\",\"dateModified\":\"2025-05-15T11:29:55+00:00\",\"description\":\"D.I. Sport Rodzinne Centrum Sportu oferuj\\u0105ce szereg us\\u0142ug z zakresu: squash, sauna, centrum treningu & fizjoterapia zaj\\u0119cia sportowe dla dzieci Ninja Club zaj\\u0119cia dla doros\\u0142ych z zakresu treningu przygotowuj\\u0105cego do bieg\\u00f3w z przeszkodami.\",\"inLanguage\":\"pl-PL\",\"potentialAction\":[{\"@type\":\"ReadAction\",\"target\":[\"https:\/\/disport.fun\/index.php\/polkolonie-krakow\/\"]}]}]}<\/script>\n<!-- \/ Yoast SEO plugin. -->","_links":{"self":[{"href":"https:\/\/disport.fun\/index.php\/wp-json\/wp\/v2\/pages\/25579","targetHints":{"allow":["GET"]}}],"collection":[{"href":"https:\/\/disport.fun\/index.php\/wp-json\/wp\/v2\/pages"}],"about":[{"href":"https:\/\/disport.fun\/index.php\/wp-json\/wp\/v2\/types\/page"}],"author":[{"embeddable":true,"href":"https:\/\/disport.fun\/index.php\/wp-json\/wp\/v2\/users\/2"}],"replies":[{"embeddable":true,"href":"https:\/\/disport.fun\/index.php\/wp-json\/wp\/v2\/comments?post=25579"}],"version-history":[{"count":20,"href":"https:\/\/disport.fun\/index.php\/wp-json\/wp\/v2\/pages\/25579\/revisions"}],"predecessor-version":[{"id":25865,"href":"https:\/\/disport.fun\/index.php\/wp-json\/wp\/v2\/pages\/25579\/revisions\/25865"}],"wp:attachment":[{"href":"https:\/\/disport.fun\/index.php\/wp-json\/wp\/v2\/media?parent=25579"}],"curies":[{"name":"wp","href":"https:\/\/api.w.org\/{rel}","templated":true}]}}