{"id":691,"date":"2020-08-28T11:26:36","date_gmt":"2020-08-28T11:26:36","guid":{"rendered":"http:\/\/disport.fun\/?page_id=691"},"modified":"2025-08-01T11:57:55","modified_gmt":"2025-08-01T09:57:55","slug":"squash","status":"publish","type":"page","link":"https:\/\/disport.fun\/index.php\/squash\/","title":{"rendered":"Squash"},"content":{"rendered":"\n\t<h1>SQUASH<\/h1>\n\t<h3>NOWO\u015aCI\u00a0 w Rodzinnym Centrum Sportu! \ud83d\ude42<\/h3>\n\t\t\t\t<img decoding=\"async\" src=\"https:\/\/i1.wp.com\/disport.fun\/wp-content\/plugins\/beaver-builder-lite-version\/img\/pixel.png?w=1200&#038;ssl=1\" alt=\"\" itemprop=\"image\" onerror=\"this.style.display='none'\"  data-recalc-dims=\"1\" \/>\n\t<p>Szanowni Pa\u0144stwo,<\/p>\n<p>Od 1 sierpnia 2025r. w naszym Rodzinnym Centrum Sportu nast\u0105pi\u0142y zmiany organizacyjne.<\/p>\n<p>Korty do gry w squasha przy ul. Ksi\u0119cia J\u00f3zefa 54A w Krakowie s\u0105 teraz obs\u0142ugiwane przez now\u0105 firm\u0119 &#8211; Paolo Squash Club.<\/p>\n<p>Rezerwacje kort\u00f3w odbywaj\u0105 si\u0119:<\/p>\n<p>\u2666 telefonicznie:<strong> + 48 662 272 002<\/strong><\/p>\n<p>\u2666 online:<strong> www.paolosquashclub.pl<\/strong><\/p>\n<p>&nbsp;<\/p>\n<p>My, jako Ninja Club Krak\u00f3w, nadal z pasj\u0105 prowadzimy i rozwijamy:<\/p>\n<p>\u2666 zaj\u0119cia sportowe ninja dla dzieci i doros\u0142ych<\/p>\n<p>\u2666 organizacj\u0119 urodzin i event\u00f3w<\/p>\n<p>\u2666 aktywno\u015bci\u00a0 i zaj\u0119cia dla firm oraz grup zorganizowanych<\/p>\n<p>&nbsp;<\/p>\n<p>Nasz klub przeszed\u0142 kompleksowy remont &#8211; od\u015bwie\u017cyli\u015bmy nie tylko wn\u0119trza, ale r\u00f3wnie\u017c przestrze\u0144 wok\u00f3\u0142 klubu \ud83d\ude42<\/p>\n<p>Zapraszamy na nasz nowy taras &#8211; przytuln\u0105,\u00a0 zielon\u0105 stref\u0119 relaksu idealn\u0105 dla dzieci, rodzic\u00f3w i naszych go\u015bci.<\/p>\n<p>&nbsp;<\/p>\n<p>Zach\u0119camy do odwiedzin, zobaczcie jak pi\u0119knie si\u0119 u nas zrobi\u0142o \ud83d\ude42<\/p>\n<p>Wi\u0119cej informacji o naszych zaj\u0119ciach:<\/p>\n<p>\u2666 <strong>www.disport.fun<\/strong><\/p>\n<p>Numer kontaktowy pozostaje bez zmian: <strong>+48\u00a0517 827 720<\/strong><\/p>\n<p>Do zobaczenia! \ud83d\ude42<\/p>\n<p>Zesp\u00f3\u0142 DI Sport &amp; Ninja Club Krak\u00f3w<\/p>\n\t<p>&nbsp;<\/p>\n<p>&nbsp;<\/p>\n<p>&nbsp;<\/p>\n\t\t\t\t<img decoding=\"async\" src=\"https:\/\/i1.wp.com\/disport.fun\/wp-content\/plugins\/beaver-builder-lite-version\/img\/pixel.png?w=1200&#038;ssl=1\" alt=\"\" itemprop=\"image\" onerror=\"this.style.display='none'\"  data-recalc-dims=\"1\" \/>\n\t\t\t\t<img decoding=\"async\" src=\"https:\/\/i1.wp.com\/disport.fun\/wp-content\/plugins\/beaver-builder-lite-version\/img\/pixel.png?w=1200&#038;ssl=1\" alt=\"\" itemprop=\"image\" onerror=\"this.style.display='none'\"  data-recalc-dims=\"1\" \/>\n\t\t\t\t<img decoding=\"async\" src=\"https:\/\/i1.wp.com\/disport.fun\/wp-content\/plugins\/beaver-builder-lite-version\/img\/pixel.png?w=1200&#038;ssl=1\" alt=\"\" itemprop=\"image\" onerror=\"this.style.display='none'\"  data-recalc-dims=\"1\" \/>\n\t\t\t\t<img decoding=\"async\" src=\"https:\/\/i1.wp.com\/disport.fun\/wp-content\/plugins\/beaver-builder-lite-version\/img\/pixel.png?w=1200&#038;ssl=1\" alt=\"\" itemprop=\"image\" onerror=\"this.style.display='none'\"  data-recalc-dims=\"1\" \/>\n\t\t","protected":false},"excerpt":{"rendered":"<p>SQUASH NOWO\u015aCI\u00a0 w Rodzinnym Centrum Sportu! \ud83d\ude42 Szanowni Pa\u0144stwo, Od 1 sierpnia 2025r. w naszym Rodzinnym Centrum Sportu nast\u0105pi\u0142y zmiany organizacyjne. Korty do gry w squasha przy ul. Ksi\u0119cia J\u00f3zefa 54A w Krakowie s\u0105 teraz obs\u0142ugiwane przez now\u0105 firm\u0119 &#8211; Paolo Squash Club. Rezerwacje kort\u00f3w odbywaj\u0105 si\u0119: \u2666 telefonicznie: + 48 662 272 002 \u2666&hellip;&nbsp;<a href=\"https:\/\/disport.fun\/index.php\/squash\/\" class=\"\" rel=\"bookmark\">Czytaj wi\u0119cej &raquo;<span class=\"screen-reader-text\">Squash<\/span><\/a><\/p>\n","protected":false},"author":1,"featured_media":0,"parent":0,"menu_order":0,"comment_status":"closed","ping_status":"closed","template":"page-templates\/template-pagebuilder-full-width.php","meta":{"neve_meta_sidebar":"","neve_meta_container":"","neve_meta_enable_content_width":"off","neve_meta_content_width":0,"neve_meta_title_alignment":"","neve_meta_author_avatar":"","neve_post_elements_order":"","neve_meta_disable_header":"","neve_meta_disable_footer":"","neve_meta_disable_title":"","spay_email":"","footnotes":""},"class_list":["post-691","page","type-page","status-publish","hentry"],"yoast_head":"<!-- This site is optimized with the Yoast SEO plugin v14.9 - https:\/\/yoast.com\/wordpress\/plugins\/seo\/ -->\n<title>Squash - DI Sport<\/title>\n<meta name=\"description\" content=\"D.I. Sport Rodzinne Centrum Sportu oferuj\u0105ce szereg us\u0142ug z zakresu: squash, sauna, zaj\u0119cia sportowe dla dzieci Ninja Club zaj\u0119cia dla doros\u0142ych z zakresu treningu przygotowuj\u0105cego do bieg\u00f3w z przeszkodami. %\" \/>\n<meta name=\"robots\" content=\"index, follow, max-snippet:-1, max-image-preview:large, max-video-preview:-1\" \/>\n<link rel=\"canonical\" href=\"https:\/\/disport.fun\/index.php\/squash\/\" \/>\n<meta property=\"og:locale\" content=\"pl_PL\" \/>\n<meta property=\"og:type\" content=\"article\" \/>\n<meta property=\"og:title\" content=\"Squash - DI Sport\" \/>\n<meta property=\"og:description\" content=\"D.I. Sport Rodzinne Centrum Sportu oferuj\u0105ce szereg us\u0142ug z zakresu: squash, sauna, zaj\u0119cia sportowe dla dzieci Ninja Club zaj\u0119cia dla doros\u0142ych z zakresu treningu przygotowuj\u0105cego do bieg\u00f3w z przeszkodami. %\" \/>\n<meta property=\"og:url\" content=\"https:\/\/disport.fun\/index.php\/squash\/\" \/>\n<meta property=\"og:site_name\" content=\"DI Sport\" \/>\n<meta property=\"article:publisher\" content=\"https:\/\/www.facebook.com\/rodzinnecentrumsportukrakow\" \/>\n<meta property=\"article:modified_time\" content=\"2025-08-01T09:57:55+00:00\" \/>\n<meta property=\"og:image\" content=\"https:\/\/disport.fun\/wp-content\/plugins\/beaver-builder-lite-version\/img\/pixel.png\" \/>\n<meta name=\"twitter:card\" content=\"summary_large_image\" \/>\n<script type=\"application\/ld+json\" class=\"yoast-schema-graph\">{\"@context\":\"https:\/\/schema.org\",\"@graph\":[{\"@type\":\"Organization\",\"@id\":\"https:\/\/disport.fun\/#organization\",\"name\":\"DI Sport Rodzinne Centrum Sportu\",\"url\":\"https:\/\/disport.fun\/\",\"sameAs\":[\"https:\/\/www.facebook.com\/rodzinnecentrumsportukrakow\",\"https:\/\/www.instagram.com\/centrum_sportu_d.i.sport\/\"],\"logo\":{\"@type\":\"ImageObject\",\"@id\":\"https:\/\/disport.fun\/#logo\",\"inLanguage\":\"pl-PL\",\"url\":\"https:\/\/i2.wp.com\/disport.fun\/wp-content\/uploads\/2020\/08\/logo1.png?fit=500%2C500&ssl=1\",\"width\":500,\"height\":500,\"caption\":\"DI Sport Rodzinne Centrum Sportu\"},\"image\":{\"@id\":\"https:\/\/disport.fun\/#logo\"}},{\"@type\":\"WebSite\",\"@id\":\"https:\/\/disport.fun\/#website\",\"url\":\"https:\/\/disport.fun\/\",\"name\":\"DI Sport Krak\\u00f3w\",\"description\":\"Rodzinne centrum sportu\",\"publisher\":{\"@id\":\"https:\/\/disport.fun\/#organization\"},\"potentialAction\":[{\"@type\":\"SearchAction\",\"target\":\"https:\/\/disport.fun\/?s={search_term_string}\",\"query-input\":\"required name=search_term_string\"}],\"inLanguage\":\"pl-PL\"},{\"@type\":\"ImageObject\",\"@id\":\"https:\/\/disport.fun\/index.php\/squash\/#primaryimage\",\"inLanguage\":\"pl-PL\",\"url\":\"https:\/\/disport.fun\/wp-content\/plugins\/beaver-builder-lite-version\/img\/pixel.png\"},{\"@type\":\"WebPage\",\"@id\":\"https:\/\/disport.fun\/index.php\/squash\/#webpage\",\"url\":\"https:\/\/disport.fun\/index.php\/squash\/\",\"name\":\"Squash - DI Sport\",\"isPartOf\":{\"@id\":\"https:\/\/disport.fun\/#website\"},\"primaryImageOfPage\":{\"@id\":\"https:\/\/disport.fun\/index.php\/squash\/#primaryimage\"},\"datePublished\":\"2020-08-28T11:26:36+00:00\",\"dateModified\":\"2025-08-01T09:57:55+00:00\",\"description\":\"D.I. Sport Rodzinne Centrum Sportu oferuj\\u0105ce szereg us\\u0142ug z zakresu: squash, sauna, zaj\\u0119cia sportowe dla dzieci Ninja Club zaj\\u0119cia dla doros\\u0142ych z zakresu treningu przygotowuj\\u0105cego do bieg\\u00f3w z przeszkodami. %\",\"inLanguage\":\"pl-PL\",\"potentialAction\":[{\"@type\":\"ReadAction\",\"target\":[\"https:\/\/disport.fun\/index.php\/squash\/\"]}]}]}<\/script>\n<!-- \/ Yoast SEO plugin. -->","_links":{"self":[{"href":"https:\/\/disport.fun\/index.php\/wp-json\/wp\/v2\/pages\/691","targetHints":{"allow":["GET"]}}],"collection":[{"href":"https:\/\/disport.fun\/index.php\/wp-json\/wp\/v2\/pages"}],"about":[{"href":"https:\/\/disport.fun\/index.php\/wp-json\/wp\/v2\/types\/page"}],"author":[{"embeddable":true,"href":"https:\/\/disport.fun\/index.php\/wp-json\/wp\/v2\/users\/1"}],"replies":[{"embeddable":true,"href":"https:\/\/disport.fun\/index.php\/wp-json\/wp\/v2\/comments?post=691"}],"version-history":[{"count":42,"href":"https:\/\/disport.fun\/index.php\/wp-json\/wp\/v2\/pages\/691\/revisions"}],"predecessor-version":[{"id":25881,"href":"https:\/\/disport.fun\/index.php\/wp-json\/wp\/v2\/pages\/691\/revisions\/25881"}],"wp:attachment":[{"href":"https:\/\/disport.fun\/index.php\/wp-json\/wp\/v2\/media?parent=691"}],"curies":[{"name":"wp","href":"https:\/\/api.w.org\/{rel}","templated":true}]}}