{"id":692,"date":"2020-08-28T11:26:36","date_gmt":"2020-08-28T09:26:36","guid":{"rendered":"http:\/\/disport.fun\/?page_id=692"},"modified":"2025-09-03T11:53:17","modified_gmt":"2025-09-03T09:53:17","slug":"ninja-club","status":"publish","type":"page","link":"https:\/\/disport.fun\/index.php\/ninja-club\/","title":{"rendered":"Ninja  Club"},"content":{"rendered":"\n<p><a href=\"https:\/\/disport.fun\/index.php\/rezerwacja\/\" target=\"_self\" role=\"button\" rel=\"noopener noreferrer\">\n\t\t\t\t\t\tZapisz si\u0119 tutaj!\n\t\t<\/a><\/p>\n\n\n\n<h4 class=\"wp-block-heading\"><strong>Grafik Ninja Club 2025 \/ 2026\u00a0<\/strong><img loading=\"lazy\" decoding=\"async\" width=\"1000\" height=\"1000\" class=\"wp-image-25807\" style=\"width: 1000px;\" src=\"https:\/\/disport.fun\/wp-content\/uploads\/2024\/09\/grafik_ninja_club_2022_2023-1.bmp\" alt=\"\" srcset=\"https:\/\/disport.fun\/wp-content\/uploads\/2024\/09\/grafik_ninja_club_2022_2023-1.bmp 1024w, https:\/\/i2.wp.com\/disport.fun\/wp-content\/uploads\/2024\/09\/grafik_ninja_club_2022_2023-1.bmp?resize=300%2C300&amp;ssl=1 300w, https:\/\/i2.wp.com\/disport.fun\/wp-content\/uploads\/2024\/09\/grafik_ninja_club_2022_2023-1.bmp?resize=150%2C150&amp;ssl=1 150w, https:\/\/i2.wp.com\/disport.fun\/wp-content\/uploads\/2024\/09\/grafik_ninja_club_2022_2023-1.bmp?resize=768%2C768&amp;ssl=1 768w\" sizes=\"auto, (max-width: 1000px) 100vw, 1000px\" \/><\/h4>\n\n\n\n<h4 class=\"wp-block-heading\"><\/h4>\n\n\n\n<p><strong>*zapisy na zaj\u0119cia s\u0105 obowi\u0105zkowe. Odwo\u0142anie zaj\u0119\u0107 &#8211; na 2 godziny przed ich rozpocz\u0119ciem. Brak informacji w kwestii nieobecno\u015bci powoduje naliczanie op\u0142aty &#8211; zar\u00f3wno w kwestii zaj\u0119\u0107 jednorazowych jak i karnetu.&nbsp;<\/strong><\/p>\n\n\n\n<p><strong>Zaj\u0119cia Ninja Club Krak\u00f3w \u2013 Karnety i Zasady Zapis\u00f3w<\/strong><\/p>\n\n\n\n<p>Nasze zaj\u0119cia w <strong>Ninja Club Krak\u00f3w<\/strong> odbywaj\u0105 si\u0119, gdy zbierze si\u0119 grupa minimum <strong>3 os\u00f3b doros\u0142ych oraz 2 zapisanych dzieci<\/strong>. Prosimy o uwzgl\u0119dnienie, \u017ce ostateczna informacja o realizacji zaj\u0119\u0107 jest potwierdzana <strong>2 godziny przed ich planowanym rozpocz\u0119ciem<\/strong>.<\/p>\n\n\n\n<p><strong>Zapisy na Zaj\u0119cia Dzieci\u0119ce w Ninja Club Krak\u00f3w:<\/strong><\/p>\n\n\n\n<p>W przypadku ch\u0119ci zapisania na jedne zaj\u0119cia <strong>2, 3 lub wi\u0119cej dzieci<\/strong>, prosimy o dokonanie oddzielnego zg\u0142oszenia dla ka\u017cdego uczestnika. Zapis mo\u017cna dokona\u0107 przez nasz\u0105 stron\u0119 internetow\u0105 klikaj\u0105c: <strong>Rezerwuj <\/strong>lub przez aplikacje<strong> Reservice<\/strong> wybieraj\u0105c nasz klub czyli Rodzinne Centrum Sportu DI Sport. Je\u015bli napotkaj\u0105 Pa\u0144stwo trudno\u015bci z zapisem online, zach\u0119camy do kontaktu telefonicznego. Nasi pracownicy w recepcji z przyjemno\u015bci\u0105 pomog\u0105 w dokonaniu rezerwacji.<\/p>\n\n\n\n<p><strong>System Karnetowy na Zaj\u0119cia dla Dzieci w Ninja Club Krak\u00f3w:<\/strong><\/p>\n\n\n\n<p>Preferujemy system karnetowy, kt\u00f3ry zapewnia naszym podopiecznym ci\u0105g\u0142o\u015b\u0107 trening\u00f3w i realizacj\u0119 programu zaj\u0119\u0107 dostosowanego do r\u00f3\u017cnych grup wiekowych.<\/p>\n\n\n\n<ul class=\"wp-block-list\">\n<li><strong>Cena zaj\u0119\u0107 w karnecie:<\/strong> 49,50 z\u0142<\/li>\n\n\n\n<li><strong>Zaj\u0119cia pojedyncze dla dziecka:<\/strong> 55 z\u0142<\/li>\n\n\n\n<li><strong>Zaj\u0119cia pojedyncze dla rodze\u0144stwa:<\/strong> 49,50 z\u0142 \/ osoba<\/li>\n<\/ul>\n\n\n\n<p><strong>Oferta Karnet\u00f3w Ninja (10 zaj\u0119\u0107) w Ninja Club Krak\u00f3w:<\/strong> 495 z\u0142<\/p>\n\n\n\n<p><strong>Strefa Swobodna \u2013 Free Zone (1 godzina pod opiek\u0105 doros\u0142ego) w Ninja Club Krak\u00f3w:<\/strong> 30 z\u0142<\/p>\n\n\n\n<p><strong>Wyj\u0105tkowe Zni\u017cki na Karnety dla Rodze\u0144stw w Ninja Club Krak\u00f3w:<\/strong><\/p>\n\n\n\n<ul class=\"wp-block-list\">\n<li><strong>2 osoby:<\/strong> Rabat 50 z\u0142 od \u0142\u0105cznej ceny dw\u00f3ch karnet\u00f3w<\/li>\n\n\n\n<li><strong>3 osoby:<\/strong> Rabat 100 z\u0142<\/li>\n\n\n\n<li><strong>4 osoby:<\/strong> Rabat 150 z\u0142<\/li>\n<\/ul>\n\n\n\n<p><strong>Dlaczego Warto Wybra\u0107 Karnet w Ninja Club Krak\u00f3w?<\/strong><\/p>\n\n\n\n<ul class=\"wp-block-list\">\n<li><strong>Sta\u0142e Grupy i Program Zaj\u0119\u0107:<\/strong> Karnet gwarantuje przynale\u017cno\u015b\u0107 do sta\u0142ej grupy, co sprzyja budowaniu relacji i systematycznemu rozwojowi umiej\u0119tno\u015bci w ramach naszego specjalnie opracowanego programu zaj\u0119\u0107 ninja dla dzieci w r\u00f3\u017cnym wieku.<\/li>\n\n\n\n<li><strong>Wygoda i Brak Konieczno\u015bci Bie\u017c\u0105cych Op\u0142at:<\/strong> Posiadanie karnetu eliminuje potrzeb\u0119 regulowania p\u0142atno\u015bci za ka\u017cde zaj\u0119cia osobno, co jest wygodnym rozwi\u0105zaniem i oszcz\u0119dza Pa\u0144stwa czas. Prosz\u0119 pami\u0119ta\u0107 o ka\u017cdorazowym odbiciu si\u0119 na recepcji. <\/li>\n\n\n\n<li><strong>Gwarancja Miejsca w Grupie:<\/strong> Dzieci posiadaj\u0105ce karnety maj\u0105 pierwsze\u0144stwo udzia\u0142u w zaj\u0119ciach. W przypadku pe\u0142nej grupy, uczestnictwo os\u00f3b bez karnet\u00f3w mo\u017ce by\u0107 niemo\u017cliwe.<\/li>\n<\/ul>\n\n\n\n<p><strong>Czy Zakup Karnetu Jest Obowi\u0105zkowy w Ninja Club Krak\u00f3w?<\/strong><\/p>\n\n\n\n<p><\/p>\n\n\n\n<h5 class=\"wp-block-heading\">Czy musz\u0119 kupowa\u0107 karnet? Oczywi\u015bcie nie, natomiast pierwsze\u0144stwo do udzia\u0142u w zaj\u0119ciach posiadaj\u0105 dzieci, kt\u00f3re naby\u0142y karnet, a cena zaj\u0119\u0107 pojedynczych jest wy\u017csza. Mo\u017ce r\u00f3wnie\u017c doj\u015b\u0107 do sytuacji, \u017ce na zaj\u0119ciach <strong>nie b\u0119dzie wolnych miejsc<\/strong> dla os\u00f3b bez karnet\u00f3w.<\/h5>\n\n\n\n<figure class=\"wp-block-image\"><img decoding=\"async\" src=\"https:\/\/i2.wp.com\/disport.fun\/wp-content\/uploads\/2022\/09\/cennik-zajec_dorosli.png?w=1200&#038;ssl=1\" alt=\"\" data-recalc-dims=\"1\"\/><\/figure>\n\n\n\n<ul class=\"wp-block-list\">\n<li>inne wej\u015bcia, grupy, urodziny &#8211; prosimy o kontakt z nasz\u0105 recepcj\u0105.<\/li>\n<\/ul>\n\n\n\n<h4 class=\"wp-block-heading\"><strong>Karnet Ninja w Ninja Club Krak\u00f3w \u2013 Wybierz Korzy\u015bci dla Twojego Dziecka!<\/strong><\/h4>\n\n\n\n<p>Wybieraj\u0105c karnet Ninja w <strong>Ninja Club Krak\u00f3w<\/strong>, inwestujesz w wszechstronny rozw\u00f3j Twojego dziecka i zapewniasz mu wiele wyj\u0105tkowych korzy\u015bci:<\/p>\n\n\n\n<p><strong>a) Sta\u0142e Grupy Treningowe i Autorski Program:<\/strong><\/p>\n\n\n\n<p>Do\u0142\u0105czenie do sta\u0142ej grupy treningowej w <strong>Ninja Club Krak\u00f3w<\/strong> gwarantuje realizacj\u0119 naszego autorskiego programu, co przek\u0142ada si\u0119 na <strong>wi\u0119kszy i bardziej systematyczny progres<\/strong> Twojego dziecka. Regularny udzia\u0142 w zaj\u0119ciach jest kluczowy dla efektywnej nauki i pozwala trenerowi na indywidualne dostosowanie \u0107wicze\u0144 do potrzeb wszystkich uczestnik\u00f3w. Nieregularna obecno\u015b\u0107 mo\u017ce utrudnia\u0107 zar\u00f3wno dziecku, jak i trenerowi osi\u0105gni\u0119cie optymalnych rezultat\u00f3w.<\/p>\n\n\n\n<p><strong>b) Kompleksowy Rozw\u00f3j Umiej\u0119tno\u015bci Gimnastycznych:<\/strong><\/p>\n\n\n\n<p>Podczas zaj\u0119\u0107 w <strong>Ninja Club Krak\u00f3w<\/strong> Twoje dziecko zdob\u0119dzie i udoskonali wiele fundamentalnych umiej\u0119tno\u015bci gimnastycznych, takich jak: <strong>przewr\u00f3t w prz\u00f3d, przewr\u00f3t w ty\u0142, stanie na g\u0142owie, stanie na r\u0119kach<\/strong>, a tak\u017ce opanuje liczne elementy pokonywania r\u00f3\u017cnorodnych przeszk\u00f3d ninja. Systematyczny udzia\u0142 w treningach jest niezb\u0119dny, aby trenerzy mogli efektywnie wprowadza\u0107 nowe, bardziej zaawansowane umiej\u0119tno\u015bci i zapewni\u0107 ci\u0105g\u0142o\u015b\u0107 nauki.<\/p>\n\n\n\n<p><strong>c) Wygoda i Brak Bie\u017c\u0105cych Op\u0142at:<\/strong><\/p>\n\n\n\n<p>Posiadanie karnetu <strong>Ninja Club Krak\u00f3w<\/strong> eliminuje konieczno\u015b\u0107 dokonywania p\u0142atno\u015bci za ka\u017cde zaj\u0119cia osobno. To wygodne rozwi\u0105zanie, kt\u00f3re oszcz\u0119dza Tw\u00f3j czas i zapewnia bezproblemowy udzia\u0142 dziecka w treningach.<\/p>\n\n\n\n<p><strong>d) Gwarancja Miejsca w Wybranej Grupie:<\/strong><\/p>\n\n\n\n<p>Dzi\u0119ki karnetowi w <strong>Ninja Club Krak\u00f3w<\/strong> masz pewno\u015b\u0107, \u017ce Twoje dziecko ma <strong>zarezerwowane miejsce<\/strong> w wybranej grupie treningowej w okre\u015blonym dniu i godzinie, nawet w przypadku pe\u0142nego ob\u0142o\u017cenia.<\/p>\n\n\n\n<p><strong>e) Mo\u017cliwo\u015b\u0107 Odrobienia Nieobecno\u015bci:<\/strong><\/p>\n\n\n\n<p>Rozumiemy, \u017ce nieprzewidziane sytuacje si\u0119 zdarzaj\u0105. W <strong>Ninja Club Krak\u00f3w<\/strong> oferujemy mo\u017cliwo\u015b\u0107 odrobienia <strong>dw\u00f3ch zg\u0142oszonych nieobecno\u015bci<\/strong>. Nasza recepcja z przyjemno\u015bci\u0105 zaproponuje dogodny termin, aby Twoje dziecko nie straci\u0142o cennych trening\u00f3w.<\/p>\n\n\n\n<p><strong>f) Atrakcyjne Zni\u017cki dla Rodze\u0144stw:<\/strong><\/p>\n\n\n\n<p><strong>Ninja Club Krak\u00f3w<\/strong> dba o rodziny! Oferujemy specjalne zni\u017cki na zakup karnet\u00f3w dla rodze\u0144stw:<\/p>\n\n\n\n<ul class=\"wp-block-list\">\n<li><strong>-50 z\u0142<\/strong> przy zakupie 2 karnet\u00f3w<\/li>\n\n\n\n<li><strong>-100 z\u0142<\/strong> przy zakupie 3 karnet\u00f3w<\/li>\n\n\n\n<li><strong>-150 z\u0142<\/strong> przy zakupie 4 karnet\u00f3w<\/li>\n<\/ul>\n\n\n\n<p><strong>g) Elastyczna Opcja Wej\u015b\u0107 Pojedynczych:<\/strong><\/p>\n\n\n\n<p>Dla os\u00f3b, kt\u00f3re nie chc\u0105 od razu decydowa\u0107 si\u0119 na karnet, oferujemy mo\u017cliwo\u015b\u0107 skorzystania z <strong>wej\u015b\u0107 pojedynczych<\/strong> w cenie <strong>55 z\u0142<\/strong>. Dla rodze\u0144stwa cena za pojedyncze wej\u015bcie wynosi <strong>49,50 z\u0142\/os.<\/strong><a itemprop=\"url\" href=\"https:\/\/disport.fun\/index.php\/rezerwacja\/\" target=\"_blank\" rel=\"noopener noreferrer\"><br>\t\t\t\t<img decoding=\"async\" itemprop=\"image\" onerror=\"this.style.display='none'\" src=\"https:\/\/i1.wp.com\/disport.fun\/wp-content\/plugins\/beaver-builder-lite-version\/img\/pixel.png?w=1200&#038;ssl=1\" alt=\"\" data-recalc-dims=\"1\"><br>\t\t\t\t<\/a><\/p>\n\n\n\n<figure class=\"wp-block-image\"><img decoding=\"async\" src=\"https:\/\/i1.wp.com\/disport.fun\/wp-content\/plugins\/beaver-builder-lite-version\/img\/pixel.png?w=1200&#038;ssl=1\" alt=\"\" data-recalc-dims=\"1\"\/><\/figure>\n","protected":false},"excerpt":{"rendered":"<p>Zapisz si\u0119 tutaj! Grafik Ninja Club 2025 \/ 2026\u00a0 *zapisy na zaj\u0119cia s\u0105 obowi\u0105zkowe. Odwo\u0142anie zaj\u0119\u0107 &#8211; na 2 godziny przed ich rozpocz\u0119ciem. Brak informacji w kwestii nieobecno\u015bci powoduje naliczanie op\u0142aty &#8211; zar\u00f3wno w kwestii zaj\u0119\u0107 jednorazowych jak i karnetu.&nbsp; Zaj\u0119cia Ninja Club Krak\u00f3w \u2013 Karnety i Zasady Zapis\u00f3w Nasze zaj\u0119cia w Ninja Club Krak\u00f3w&hellip;&nbsp;<a href=\"https:\/\/disport.fun\/index.php\/ninja-club\/\" class=\"\" rel=\"bookmark\">Czytaj wi\u0119cej &raquo;<span class=\"screen-reader-text\">Ninja  Club<\/span><\/a><\/p>\n","protected":false},"author":1,"featured_media":0,"parent":0,"menu_order":0,"comment_status":"closed","ping_status":"closed","template":"","meta":{"neve_meta_sidebar":"","neve_meta_container":"","neve_meta_enable_content_width":"","neve_meta_content_width":0,"neve_meta_title_alignment":"","neve_meta_author_avatar":"","neve_post_elements_order":"","neve_meta_disable_header":"","neve_meta_disable_footer":"","neve_meta_disable_title":"","spay_email":"","footnotes":""},"class_list":["post-692","page","type-page","status-publish","hentry"],"yoast_head":"<!-- This site is optimized with the Yoast SEO plugin v14.9 - https:\/\/yoast.com\/wordpress\/plugins\/seo\/ -->\n<title>Ninja Club - DI Sport<\/title>\n<meta name=\"description\" content=\"D.I. Sport Rodzinne Centrum Sportu oferuj\u0105ce szereg us\u0142ug z zakresu: squash, sauna, centrum treningu &amp; fizjoterapia zaj\u0119cia sportowe dla dzieci Ninja Club zaj\u0119cia dla doros\u0142ych z zakresu treningu przygotowuj\u0105cego do bieg\u00f3w z przeszkodami.\" \/>\n<meta name=\"robots\" content=\"index, follow, max-snippet:-1, max-image-preview:large, max-video-preview:-1\" \/>\n<link rel=\"canonical\" href=\"https:\/\/disport.fun\/index.php\/ninja-club\/\" \/>\n<meta property=\"og:locale\" content=\"pl_PL\" \/>\n<meta property=\"og:type\" content=\"article\" \/>\n<meta property=\"og:title\" content=\"Ninja Club - DI Sport\" \/>\n<meta property=\"og:description\" content=\"D.I. Sport Rodzinne Centrum Sportu oferuj\u0105ce szereg us\u0142ug z zakresu: squash, sauna, centrum treningu &amp; fizjoterapia zaj\u0119cia sportowe dla dzieci Ninja Club zaj\u0119cia dla doros\u0142ych z zakresu treningu przygotowuj\u0105cego do bieg\u00f3w z przeszkodami.\" \/>\n<meta property=\"og:url\" content=\"https:\/\/disport.fun\/index.php\/ninja-club\/\" \/>\n<meta property=\"og:site_name\" content=\"DI Sport\" \/>\n<meta property=\"article:publisher\" content=\"https:\/\/www.facebook.com\/rodzinnecentrumsportukrakow\" \/>\n<meta property=\"article:modified_time\" content=\"2025-09-03T09:53:17+00:00\" \/>\n<meta property=\"og:image\" content=\"https:\/\/disport.fun\/wp-content\/uploads\/2024\/09\/grafik_ninja_club_2022_2023-1.bmp\" \/>\n<meta name=\"twitter:card\" content=\"summary_large_image\" \/>\n<script type=\"application\/ld+json\" class=\"yoast-schema-graph\">{\"@context\":\"https:\/\/schema.org\",\"@graph\":[{\"@type\":\"Organization\",\"@id\":\"https:\/\/disport.fun\/#organization\",\"name\":\"DI Sport Rodzinne Centrum Sportu\",\"url\":\"https:\/\/disport.fun\/\",\"sameAs\":[\"https:\/\/www.facebook.com\/rodzinnecentrumsportukrakow\",\"https:\/\/www.instagram.com\/centrum_sportu_d.i.sport\/\"],\"logo\":{\"@type\":\"ImageObject\",\"@id\":\"https:\/\/disport.fun\/#logo\",\"inLanguage\":\"pl-PL\",\"url\":\"https:\/\/i2.wp.com\/disport.fun\/wp-content\/uploads\/2020\/08\/logo1.png?fit=500%2C500&ssl=1\",\"width\":500,\"height\":500,\"caption\":\"DI Sport Rodzinne Centrum Sportu\"},\"image\":{\"@id\":\"https:\/\/disport.fun\/#logo\"}},{\"@type\":\"WebSite\",\"@id\":\"https:\/\/disport.fun\/#website\",\"url\":\"https:\/\/disport.fun\/\",\"name\":\"DI Sport Krak\\u00f3w\",\"description\":\"Rodzinne centrum sportu\",\"publisher\":{\"@id\":\"https:\/\/disport.fun\/#organization\"},\"potentialAction\":[{\"@type\":\"SearchAction\",\"target\":\"https:\/\/disport.fun\/?s={search_term_string}\",\"query-input\":\"required name=search_term_string\"}],\"inLanguage\":\"pl-PL\"},{\"@type\":\"ImageObject\",\"@id\":\"https:\/\/disport.fun\/index.php\/ninja-club\/#primaryimage\",\"inLanguage\":\"pl-PL\",\"url\":\"https:\/\/disport.fun\/wp-content\/uploads\/2024\/09\/grafik_ninja_club_2022_2023-1.bmp\",\"width\":1024,\"height\":1024},{\"@type\":\"WebPage\",\"@id\":\"https:\/\/disport.fun\/index.php\/ninja-club\/#webpage\",\"url\":\"https:\/\/disport.fun\/index.php\/ninja-club\/\",\"name\":\"Ninja Club - DI Sport\",\"isPartOf\":{\"@id\":\"https:\/\/disport.fun\/#website\"},\"primaryImageOfPage\":{\"@id\":\"https:\/\/disport.fun\/index.php\/ninja-club\/#primaryimage\"},\"datePublished\":\"2020-08-28T09:26:36+00:00\",\"dateModified\":\"2025-09-03T09:53:17+00:00\",\"description\":\"D.I. Sport Rodzinne Centrum Sportu oferuj\\u0105ce szereg us\\u0142ug z zakresu: squash, sauna, centrum treningu & fizjoterapia zaj\\u0119cia sportowe dla dzieci Ninja Club zaj\\u0119cia dla doros\\u0142ych z zakresu treningu przygotowuj\\u0105cego do bieg\\u00f3w z przeszkodami.\",\"inLanguage\":\"pl-PL\",\"potentialAction\":[{\"@type\":\"ReadAction\",\"target\":[\"https:\/\/disport.fun\/index.php\/ninja-club\/\"]}]}]}<\/script>\n<!-- \/ Yoast SEO plugin. -->","_links":{"self":[{"href":"https:\/\/disport.fun\/index.php\/wp-json\/wp\/v2\/pages\/692","targetHints":{"allow":["GET"]}}],"collection":[{"href":"https:\/\/disport.fun\/index.php\/wp-json\/wp\/v2\/pages"}],"about":[{"href":"https:\/\/disport.fun\/index.php\/wp-json\/wp\/v2\/types\/page"}],"author":[{"embeddable":true,"href":"https:\/\/disport.fun\/index.php\/wp-json\/wp\/v2\/users\/1"}],"replies":[{"embeddable":true,"href":"https:\/\/disport.fun\/index.php\/wp-json\/wp\/v2\/comments?post=692"}],"version-history":[{"count":84,"href":"https:\/\/disport.fun\/index.php\/wp-json\/wp\/v2\/pages\/692\/revisions"}],"predecessor-version":[{"id":25884,"href":"https:\/\/disport.fun\/index.php\/wp-json\/wp\/v2\/pages\/692\/revisions\/25884"}],"wp:attachment":[{"href":"https:\/\/disport.fun\/index.php\/wp-json\/wp\/v2\/media?parent=692"}],"curies":[{"name":"wp","href":"https:\/\/api.w.org\/{rel}","templated":true}]}}