{"id":693,"date":"2020-08-28T11:26:36","date_gmt":"2020-08-28T11:26:36","guid":{"rendered":"http:\/\/disport.fun\/?page_id=693"},"modified":"2025-06-17T16:42:00","modified_gmt":"2025-06-17T14:42:00","slug":"dzieci","status":"publish","type":"page","link":"https:\/\/disport.fun\/index.php\/dzieci\/","title":{"rendered":"Urodziny dla dzieci"},"content":{"rendered":"\n<figure class=\"wp-block-image size-large\"><img loading=\"lazy\" decoding=\"async\" width=\"851\" height=\"315\" src=\"https:\/\/i1.wp.com\/disport.fun\/wp-content\/uploads\/2024\/11\/Dodaj-troche-tresci17-1.png?resize=851%2C315&#038;ssl=1\" alt=\"\" class=\"wp-image-25823\" title=\"baner_01_urodzinkiA\" srcset=\"https:\/\/i1.wp.com\/disport.fun\/wp-content\/uploads\/2024\/11\/Dodaj-troche-tresci17-1.png?w=851&amp;ssl=1 851w, https:\/\/i1.wp.com\/disport.fun\/wp-content\/uploads\/2024\/11\/Dodaj-troche-tresci17-1.png?resize=300%2C111&amp;ssl=1 300w, https:\/\/i1.wp.com\/disport.fun\/wp-content\/uploads\/2024\/11\/Dodaj-troche-tresci17-1.png?resize=768%2C284&amp;ssl=1 768w\" sizes=\"auto, (max-width: 851px) 100vw, 851px\" data-recalc-dims=\"1\" \/><\/figure>\n\n\n\n<figure class=\"wp-block-image size-large is-resized\"><img loading=\"lazy\" decoding=\"async\" width=\"1024\" height=\"1024\" src=\"https:\/\/i2.wp.com\/disport.fun\/wp-content\/uploads\/2024\/11\/Dodaj-podtytul7.png?resize=1024%2C1024&#038;ssl=1\" alt=\"\" class=\"wp-image-25832\" style=\"width:822px;height:822px\" title=\"baner_01_urodzinkiB\" srcset=\"https:\/\/i2.wp.com\/disport.fun\/wp-content\/uploads\/2024\/11\/Dodaj-podtytul7.png?resize=1024%2C1024&amp;ssl=1 1024w, https:\/\/i2.wp.com\/disport.fun\/wp-content\/uploads\/2024\/11\/Dodaj-podtytul7.png?resize=300%2C300&amp;ssl=1 300w, https:\/\/i2.wp.com\/disport.fun\/wp-content\/uploads\/2024\/11\/Dodaj-podtytul7.png?resize=150%2C150&amp;ssl=1 150w, https:\/\/i2.wp.com\/disport.fun\/wp-content\/uploads\/2024\/11\/Dodaj-podtytul7.png?resize=768%2C768&amp;ssl=1 768w, https:\/\/i2.wp.com\/disport.fun\/wp-content\/uploads\/2024\/11\/Dodaj-podtytul7.png?resize=1536%2C1536&amp;ssl=1 1536w, https:\/\/i2.wp.com\/disport.fun\/wp-content\/uploads\/2024\/11\/Dodaj-podtytul7.png?w=1654&amp;ssl=1 1654w\" sizes=\"auto, (max-width: 1024px) 100vw, 1024px\" data-recalc-dims=\"1\" \/><\/figure>\n\n\n\n<p><a href=\"https:\/\/disport.fun\/index.php\/kontakt\/\" target=\"_blank\" role=\"button\" rel=\"noopener noreferrer\">\n\t\t\t\t\t\tSkontaktuj si\u0119!\n\t\t<\/a><\/p>\n\n\n\n<figure class=\"wp-block-image size-large\"><img loading=\"lazy\" decoding=\"async\" width=\"851\" height=\"315\" src=\"https:\/\/i2.wp.com\/disport.fun\/wp-content\/uploads\/2024\/11\/Dodaj-troche-tresci19.png?resize=851%2C315&#038;ssl=1\" alt=\"\" class=\"wp-image-25843\" title=\"salanawylacznosc\" srcset=\"https:\/\/i2.wp.com\/disport.fun\/wp-content\/uploads\/2024\/11\/Dodaj-troche-tresci19.png?w=851&amp;ssl=1 851w, https:\/\/i2.wp.com\/disport.fun\/wp-content\/uploads\/2024\/11\/Dodaj-troche-tresci19.png?resize=300%2C111&amp;ssl=1 300w, https:\/\/i2.wp.com\/disport.fun\/wp-content\/uploads\/2024\/11\/Dodaj-troche-tresci19.png?resize=768%2C284&amp;ssl=1 768w\" sizes=\"auto, (max-width: 851px) 100vw, 851px\" data-recalc-dims=\"1\" \/><\/figure>\n\n\n\n<figure class=\"wp-block-image\"><img decoding=\"async\" src=\"https:\/\/i0.wp.com\/disport.fun\/wp-content\/uploads\/2023\/02\/mini-ninja-grafikaA-2.png?w=1200&#038;ssl=1\" alt=\"\" data-recalc-dims=\"1\"\/><\/figure>\n\n\n\n<p><strong>Pakiet Mini Ninja!&nbsp;<\/strong><\/p>\n\n\n\n<p><strong>Czas trwania: 2 h<\/strong><\/p>\n\n\n\n<ul class=\"wp-block-list\">\n<li><strong>1 godzina<\/strong>&nbsp;treningu ninja z trenerem na sali ninja z pokonywaniem przeszk\u00f3d.<\/li>\n\n\n\n<li><strong>1 godzina<\/strong> imprezy urodzinowej z trenerem na terenie naszego klubu. W okresie wiosna-lato zapraszamy do ogrodu oraz na taras z le\u017cakami z mo\u017cliwo\u015bci\u0105 pocz\u0119stunku na \u015bwie\u017cym powietrzu.<\/li>\n\n\n\n<li><strong>urodzinowa dekoracja sali<\/strong> w formie urodzinowych balon\u00f3w, talerzyk\u00f3w <\/li>\n\n\n\n<li>zaproszenie urodzinowe w formie pdf<\/li>\n<\/ul>\n\n\n\n<p><strong>\u00a0 \u00a0 \u00a0cena:<\/strong>\u00a0 <strong>700 z\u0142\/2 godziny<\/strong> dla grupy: do 10 dzieci (ka\u017cde kolejne dziecko + 50 z\u0142). <\/p>\n\n\n\n<figure class=\"wp-block-image\"><img decoding=\"async\" src=\"https:\/\/i0.wp.com\/disport.fun\/wp-content\/uploads\/2023\/02\/mini-ninja-grafika-prawa_02A-1.png?w=1200&#038;ssl=1\" alt=\"\" data-recalc-dims=\"1\"\/><\/figure>\n\n\n\n<figure class=\"wp-block-image\"><img decoding=\"async\" src=\"https:\/\/i0.wp.com\/disport.fun\/wp-content\/uploads\/2023\/02\/mini-ninja-grafika-prawa_02B.png?w=1200&#038;ssl=1\" alt=\"\" data-recalc-dims=\"1\"\/><\/figure>\n\n\n\n<p><strong>Pakiet Ninja Standard!<\/strong><\/p>\n\n\n\n<p><strong>Czas trwania: 2,5h<\/strong><\/p>\n\n\n\n<ul class=\"wp-block-list\">\n<li><strong>1,5 godziny<\/strong> treningu ninja z trenerem na sali ninja z pokonywaniem przeszk\u00f3d.<\/li>\n\n\n\n<li><strong>1 godzina <\/strong>imprezy urodzinowej z trenerem na terenie naszego klubu. W okresie wiosna-lato zapraszamy do ogrodu oraz na taras z le\u017cakami z mo\u017cliwo\u015bci\u0105 pocz\u0119stunku na \u015bwie\u017cym powietrzu<\/li>\n\n\n\n<li><strong>urodzinowa dekoracja sali<\/strong> w formie urodzinowych balon\u00f3w, talerzyk\u00f3w i kubeczk\u00f3w w wybranym przez jubilata motywie<\/li>\n\n\n\n<li>woda mineralna, napoje i soki dla dzieci<\/li>\n\n\n\n<li>zaproszenie urodzinowe w formie pdf<\/li>\n\n\n\n<li>dla ch\u0119tnych rodzic\u00f3w: sauna<\/li>\n\n\n\n<li>kawa oraz herbata w pakiecie dla doros\u0142ych w trakcie trwania zabawy dla dzieci.<\/li>\n<\/ul>\n\n\n\n<p><strong>cena: 850 z\u0142\/2,5 godziny<\/strong> dla grupy: do 10 dzieci (ka\u017cde kolejne dziecko+55 z\u0142). <br><\/p>\n\n\n\n<figure class=\"wp-block-image\"><img decoding=\"async\" src=\"https:\/\/i1.wp.com\/disport.fun\/wp-content\/uploads\/2023\/02\/ninja_full-grafikaA-1.png?w=1200&#038;ssl=1\" alt=\"\" data-recalc-dims=\"1\"\/><\/figure>\n\n\n\n<figure class=\"wp-block-image\"><img decoding=\"async\" src=\"https:\/\/i2.wp.com\/disport.fun\/wp-content\/uploads\/2023\/02\/ninja_full-grafikaB.png?w=1200&#038;ssl=1\" alt=\"\" data-recalc-dims=\"1\"\/><\/figure>\n\n\n\n<p><strong>Pakiet Ninja Full!<\/strong><\/p>\n\n\n\n<p><strong> Czas trwania: 2,5h<\/strong><\/p>\n\n\n\n<ul class=\"wp-block-list\">\n<li><strong>1,5 godziny<\/strong>&nbsp;treningu ninja z trenerem na sali ninja z pokonywaniem przeszk\u00f3d.<\/li>\n\n\n\n<li><strong>1 godzina<\/strong>&nbsp;imprezy urodzinowej z trenerem na terenie naszego klubu. W okresie wiosna-lato zapraszamy do ogrodu oraz na taras z le\u017cakami z mo\u017cliwo\u015bci\u0105 pocz\u0119stunku na \u015bwie\u017cym powietrzu.<\/li>\n\n\n\n<li>urodzinowa dekoracja w formie urodzinowych balon\u00f3w, talerzyk\u00f3w i kubeczk\u00f3w w wybranym przez jubilata motywie<\/li>\n\n\n\n<li>woda mineralna, napoje i soki dla dzieci<\/li>\n\n\n\n<li><strong>pocz\u0119stunek dla dzieci w formie owoc\u00f3w, s\u0142odkich i s\u0142onych przek\u0105sek<\/strong><\/li>\n\n\n\n<li>zaproszenie urodzinowe w formie pdf<\/li>\n\n\n\n<li>dla ch\u0119tnych rodzic\u00f3w: <strong>sauna<\/strong><\/li>\n\n\n\n<li><strong>kawa oraz herbata<\/strong> w pakiecie dla doros\u0142ych w trakcie trwania zabawy dla dzieci.<\/li>\n\n\n\n<li><\/li>\n<\/ul>\n\n\n\n<p><strong>\u00a0 \u00a0 \u00a0cena:<\/strong>\u00a0 <strong>1050 z\u0142 \/2,5 godziny<\/strong> dla grupy: do 10 dzieci (ka\u017cde kolejne\u00a0 dziecko + 60 z\u0142). <\/p>\n\n\n\n<p><\/p>\n\n\n\n<figure class=\"wp-block-image\"><img decoding=\"async\" src=\"https:\/\/i2.wp.com\/disport.fun\/wp-content\/uploads\/2023\/02\/fullninja-squashB.png?w=1200&#038;ssl=1\" alt=\"\" data-recalc-dims=\"1\"\/><\/figure>\n\n\n\n<p><strong>Pakiet Ninja Maxi!<\/strong><\/p>\n\n\n\n<p><strong> Czas trwania: 2,5h<\/strong><\/p>\n\n\n\n<ul class=\"wp-block-list\">\n<li><strong>1,5 godziny<\/strong>&nbsp;treningu ninja z trenerem na sali ninja z pokonywaniem przeszk\u00f3d.<\/li>\n\n\n\n<li><strong>1 godzina<\/strong>&nbsp;imprezy urodzinowej z trenerem na terenie naszego klubu. W okresie wiosna-lato zapraszamy do ogrodu oraz na taras z le\u017cakami z mo\u017cliwo\u015bci\u0105 pocz\u0119stunku na \u015bwie\u017cym powietrzu.<\/li>\n\n\n\n<li>urodzinowa dekoracja sali w formie urodzinowych balon\u00f3w, talerzyk\u00f3w i kubeczk\u00f3w w wybranym przez jubilata motywie<\/li>\n\n\n\n<li>woda mineralna, napoje i soki dla dzieci<\/li>\n\n\n\n<li>pocz\u0119stunek dla dzieci w formie owoc\u00f3w, s\u0142odkich i s\u0142onych przek\u0105sek<\/li>\n\n\n\n<li>zaproszenie urodzinowe w formie pdf<\/li>\n\n\n\n<li>dla ch\u0119tnych rodzic\u00f3w: <strong>sauna<\/strong><\/li>\n\n\n\n<li><strong>kawa oraz herbata dla doros\u0142ych<\/strong> w trakcie trwania zabawy dla dzieci.<\/li>\n\n\n\n<li><strong>pocz\u0119stunek dla rodzic\u00f3w<\/strong> w formie s\u0142onej i s\u0142odkiej patery<\/li>\n\n\n\n<li>piniata wype\u0142niona s\u0142odyczami <\/li>\n\n\n\n<li>warsztaty z dekorowania\/projektowania w\u0142asnej torby<\/li>\n<\/ul>\n\n\n\n<p><strong>\u00a0 \u00a0 \u00a0cena:<\/strong>\u00a0 <strong>1350 z\u0142 \/2,5 godziny<\/strong> dla grupy: do 10 dzieci (ka\u017cde kolejne\u00a0 dziecko + 70 z\u0142). <\/p>\n\n\n\n<p><\/p>\n\n\n\n<figure class=\"wp-block-image\"><img decoding=\"async\" src=\"https:\/\/i1.wp.com\/disport.fun\/wp-content\/uploads\/2023\/02\/dodatkowe-opcje.png?w=1200&#038;ssl=1\" alt=\"\" data-recalc-dims=\"1\"\/><\/figure>\n\n\n\n<p><strong>Dodatkowe mo\u017cliwo\u015bci:<\/strong><\/p>\n\n\n\n<ul class=\"wp-block-list\">\n<li>przygotowanie <strong>zwierzak\u00f3w z balon\u00f3w<\/strong> &#8211; 250 z\u0142 *<\/li>\n\n\n\n<li>kolorowa wata cukrowa &#8211; 350 z\u0142 <\/li>\n\n\n\n<li><strong>malowanie twarzy<\/strong> &#8211; 300 z\u0142 *<\/li>\n\n\n\n<li>dekoracja w\u0142asnej torby &#8211; 300 z\u0142<\/li>\n\n\n\n<li>piniata &#8211; 119 z\u0142<\/li>\n\n\n\n<li><em>Powy\u017cej 20 uczestnik\u00f3w urodziny prowadzone s\u0105 przez dodatkowego trenera &#8211; 150 z\u0142<\/em><\/li>\n<\/ul>\n\n\n\n<p><em>*uzale\u017cnione od dost\u0119pno\u015bci trener\u00f3w <\/em><\/p>\n\n\n\n<p><\/p>\n\n\n\n<figure class=\"wp-block-image\"><img decoding=\"async\" src=\"https:\/\/i1.wp.com\/disport.fun\/wp-content\/uploads\/2023\/02\/baner_koncowy.png?w=1200&#038;ssl=1\" alt=\"baner_koncowy\" title=\"baner_koncowy\" data-recalc-dims=\"1\"\/><\/figure>\n","protected":false},"excerpt":{"rendered":"<p>Skontaktuj si\u0119! Pakiet Mini Ninja!&nbsp; Czas trwania: 2 h \u00a0 \u00a0 \u00a0cena:\u00a0 700 z\u0142\/2 godziny dla grupy: do 10 dzieci (ka\u017cde kolejne dziecko + 50 z\u0142). Pakiet Ninja Standard! Czas trwania: 2,5h cena: 850 z\u0142\/2,5 godziny dla grupy: do 10 dzieci (ka\u017cde kolejne dziecko+55 z\u0142). Pakiet Ninja Full! Czas trwania: 2,5h \u00a0 \u00a0 \u00a0cena:\u00a0 1050&hellip;&nbsp;<a href=\"https:\/\/disport.fun\/index.php\/dzieci\/\" class=\"\" rel=\"bookmark\">Czytaj wi\u0119cej &raquo;<span class=\"screen-reader-text\">Urodziny dla dzieci<\/span><\/a><\/p>\n","protected":false},"author":1,"featured_media":0,"parent":0,"menu_order":0,"comment_status":"closed","ping_status":"closed","template":"","meta":{"neve_meta_sidebar":"","neve_meta_container":"","neve_meta_enable_content_width":"off","neve_meta_content_width":0,"neve_meta_title_alignment":"","neve_meta_author_avatar":"","neve_post_elements_order":"","neve_meta_disable_header":"","neve_meta_disable_footer":"","neve_meta_disable_title":"","spay_email":"","footnotes":""},"class_list":["post-693","page","type-page","status-publish","hentry"],"yoast_head":"<!-- This site is optimized with the Yoast SEO plugin v14.9 - https:\/\/yoast.com\/wordpress\/plugins\/seo\/ -->\n<title>Urodziny dla dzieci - DI Sport<\/title>\n<meta name=\"description\" content=\"D.I. Sport Rodzinne Centrum Sportu oferuj\u0105ce szereg us\u0142ug z zakresu: squash, sauna, centrum treningu &amp; fizjoterapia zaj\u0119cia sportowe dla dzieci Ninja Club zaj\u0119cia dla doros\u0142ych z zakresu treningu przygotowuj\u0105cego do bieg\u00f3w z przeszkodami.\" \/>\n<meta name=\"robots\" content=\"index, follow, max-snippet:-1, max-image-preview:large, max-video-preview:-1\" \/>\n<link rel=\"canonical\" href=\"https:\/\/disport.fun\/index.php\/dzieci\/\" \/>\n<meta property=\"og:locale\" content=\"pl_PL\" \/>\n<meta property=\"og:type\" content=\"article\" \/>\n<meta property=\"og:title\" content=\"Urodziny dla dzieci - DI Sport\" \/>\n<meta property=\"og:description\" content=\"D.I. Sport Rodzinne Centrum Sportu oferuj\u0105ce szereg us\u0142ug z zakresu: squash, sauna, centrum treningu &amp; fizjoterapia zaj\u0119cia sportowe dla dzieci Ninja Club zaj\u0119cia dla doros\u0142ych z zakresu treningu przygotowuj\u0105cego do bieg\u00f3w z przeszkodami.\" \/>\n<meta property=\"og:url\" content=\"https:\/\/disport.fun\/index.php\/dzieci\/\" \/>\n<meta property=\"og:site_name\" content=\"DI Sport\" \/>\n<meta property=\"article:publisher\" content=\"https:\/\/www.facebook.com\/rodzinnecentrumsportukrakow\" \/>\n<meta property=\"article:modified_time\" content=\"2025-06-17T14:42:00+00:00\" \/>\n<meta property=\"og:image\" content=\"https:\/\/disport.fun\/wp-content\/uploads\/2024\/11\/Dodaj-troche-tresci17-1.png\" \/>\n<meta name=\"twitter:card\" content=\"summary_large_image\" \/>\n<script type=\"application\/ld+json\" class=\"yoast-schema-graph\">{\"@context\":\"https:\/\/schema.org\",\"@graph\":[{\"@type\":\"Organization\",\"@id\":\"https:\/\/disport.fun\/#organization\",\"name\":\"DI Sport Rodzinne Centrum Sportu\",\"url\":\"https:\/\/disport.fun\/\",\"sameAs\":[\"https:\/\/www.facebook.com\/rodzinnecentrumsportukrakow\",\"https:\/\/www.instagram.com\/centrum_sportu_d.i.sport\/\"],\"logo\":{\"@type\":\"ImageObject\",\"@id\":\"https:\/\/disport.fun\/#logo\",\"inLanguage\":\"pl-PL\",\"url\":\"https:\/\/i2.wp.com\/disport.fun\/wp-content\/uploads\/2020\/08\/logo1.png?fit=500%2C500&ssl=1\",\"width\":500,\"height\":500,\"caption\":\"DI Sport Rodzinne Centrum Sportu\"},\"image\":{\"@id\":\"https:\/\/disport.fun\/#logo\"}},{\"@type\":\"WebSite\",\"@id\":\"https:\/\/disport.fun\/#website\",\"url\":\"https:\/\/disport.fun\/\",\"name\":\"DI Sport Krak\\u00f3w\",\"description\":\"Rodzinne centrum sportu\",\"publisher\":{\"@id\":\"https:\/\/disport.fun\/#organization\"},\"potentialAction\":[{\"@type\":\"SearchAction\",\"target\":\"https:\/\/disport.fun\/?s={search_term_string}\",\"query-input\":\"required name=search_term_string\"}],\"inLanguage\":\"pl-PL\"},{\"@type\":\"ImageObject\",\"@id\":\"https:\/\/disport.fun\/index.php\/dzieci\/#primaryimage\",\"inLanguage\":\"pl-PL\",\"url\":\"https:\/\/i1.wp.com\/disport.fun\/wp-content\/uploads\/2024\/11\/Dodaj-troche-tresci17-1.png?fit=851%2C315&ssl=1\",\"width\":851,\"height\":315},{\"@type\":\"WebPage\",\"@id\":\"https:\/\/disport.fun\/index.php\/dzieci\/#webpage\",\"url\":\"https:\/\/disport.fun\/index.php\/dzieci\/\",\"name\":\"Urodziny dla dzieci - DI Sport\",\"isPartOf\":{\"@id\":\"https:\/\/disport.fun\/#website\"},\"primaryImageOfPage\":{\"@id\":\"https:\/\/disport.fun\/index.php\/dzieci\/#primaryimage\"},\"datePublished\":\"2020-08-28T11:26:36+00:00\",\"dateModified\":\"2025-06-17T14:42:00+00:00\",\"description\":\"D.I. Sport Rodzinne Centrum Sportu oferuj\\u0105ce szereg us\\u0142ug z zakresu: squash, sauna, centrum treningu & fizjoterapia zaj\\u0119cia sportowe dla dzieci Ninja Club zaj\\u0119cia dla doros\\u0142ych z zakresu treningu przygotowuj\\u0105cego do bieg\\u00f3w z przeszkodami.\",\"inLanguage\":\"pl-PL\",\"potentialAction\":[{\"@type\":\"ReadAction\",\"target\":[\"https:\/\/disport.fun\/index.php\/dzieci\/\"]}]}]}<\/script>\n<!-- \/ Yoast SEO plugin. -->","_links":{"self":[{"href":"https:\/\/disport.fun\/index.php\/wp-json\/wp\/v2\/pages\/693","targetHints":{"allow":["GET"]}}],"collection":[{"href":"https:\/\/disport.fun\/index.php\/wp-json\/wp\/v2\/pages"}],"about":[{"href":"https:\/\/disport.fun\/index.php\/wp-json\/wp\/v2\/types\/page"}],"author":[{"embeddable":true,"href":"https:\/\/disport.fun\/index.php\/wp-json\/wp\/v2\/users\/1"}],"replies":[{"embeddable":true,"href":"https:\/\/disport.fun\/index.php\/wp-json\/wp\/v2\/comments?post=693"}],"version-history":[{"count":96,"href":"https:\/\/disport.fun\/index.php\/wp-json\/wp\/v2\/pages\/693\/revisions"}],"predecessor-version":[{"id":25875,"href":"https:\/\/disport.fun\/index.php\/wp-json\/wp\/v2\/pages\/693\/revisions\/25875"}],"wp:attachment":[{"href":"https:\/\/disport.fun\/index.php\/wp-json\/wp\/v2\/media?parent=693"}],"curies":[{"name":"wp","href":"https:\/\/api.w.org\/{rel}","templated":true}]}}