{"id":696,"date":"2020-08-28T11:26:36","date_gmt":"2020-08-28T11:26:36","guid":{"rendered":"http:\/\/disport.fun\/?page_id=696"},"modified":"2024-01-17T07:55:10","modified_gmt":"2024-01-17T05:55:10","slug":"eventy","status":"publish","type":"page","link":"https:\/\/disport.fun\/index.php\/eventy\/","title":{"rendered":"Eventy"},"content":{"rendered":"\n<figure class=\"wp-block-image\"><img decoding=\"async\" src=\"https:\/\/i1.wp.com\/disport.fun\/wp-content\/uploads\/2021\/11\/Kopia-Kopia-Kopia-Kopia-Kopia-Kopia-Technologia-finansowa-obecnie-1.png?resize=1024%2C576&#038;ssl=1\" alt=\"\" data-recalc-dims=\"1\"\/><\/figure>\n\n\n\n<p>Oferta miko\u0142ajkowa &#8211; nasz znajomy \u015bw. Miko\u0142aj ch\u0119tnie zapozna si\u0119 z Pa\u0144stwa pociechami!<\/p>\n\n\n\n<figure class=\"wp-block-image\"><img decoding=\"async\" src=\"https:\/\/i2.wp.com\/disport.fun\/wp-content\/uploads\/2021\/11\/Kopia-Kopia-Kopia-Kopia-Kopia-Kopia-Technologia-finansowa-obecnie.png?resize=1024%2C576&#038;ssl=1\" alt=\"\" data-recalc-dims=\"1\"\/><\/figure>\n\n\n\n<p>Dzie\u0144 dziecka, festyny, warsztaty oraz tematyczne \u015bwi\u0119ta &#8211; co tylko sobie zamarzycie &#8211; jeste\u015bmy w stanie spe\u0142ni\u0107 ka\u017cde marzenie!<\/p>\n\n\n\n<figure class=\"wp-block-image\"><img decoding=\"async\" src=\"https:\/\/i2.wp.com\/disport.fun\/wp-content\/uploads\/2021\/11\/Kopia-Kopia-Kopia-Kopia-Kopia-Kopia-Technologia-finansowa-obecnie-2.png?resize=1024%2C576&#038;ssl=1\" alt=\"\" data-recalc-dims=\"1\"\/><\/figure>\n\n\n\n<figure class=\"wp-block-image\"><img decoding=\"async\" src=\"https:\/\/i1.wp.com\/disport.fun\/wp-content\/plugins\/beaver-builder-lite-version\/img\/pixel.png?w=1200&#038;ssl=1\" alt=\"\" data-recalc-dims=\"1\"\/><\/figure>\n","protected":false},"excerpt":{"rendered":"<p>Oferta miko\u0142ajkowa &#8211; nasz znajomy \u015bw. Miko\u0142aj ch\u0119tnie zapozna si\u0119 z Pa\u0144stwa pociechami! Dzie\u0144 dziecka, festyny, warsztaty oraz tematyczne \u015bwi\u0119ta &#8211; co tylko sobie zamarzycie &#8211; jeste\u015bmy w stanie spe\u0142ni\u0107 ka\u017cde marzenie!<\/p>\n","protected":false},"author":1,"featured_media":0,"parent":0,"menu_order":0,"comment_status":"closed","ping_status":"closed","template":"","meta":{"neve_meta_sidebar":"","neve_meta_container":"","neve_meta_enable_content_width":"","neve_meta_content_width":0,"neve_meta_title_alignment":"","neve_meta_author_avatar":"","neve_post_elements_order":"","neve_meta_disable_header":"","neve_meta_disable_footer":"","neve_meta_disable_title":"","spay_email":"","footnotes":""},"class_list":["post-696","page","type-page","status-publish","hentry"],"yoast_head":"<!-- This site is optimized with the Yoast SEO plugin v14.9 - https:\/\/yoast.com\/wordpress\/plugins\/seo\/ -->\n<title>Eventy - DI Sport<\/title>\n<meta name=\"description\" content=\"D.I. Sport Rodzinne Centrum Sportu oferuj\u0105ce szereg us\u0142ug z zakresu: squash, sauna, centrum treningu &amp; fizjoterapia zaj\u0119cia sportowe dla dzieci Ninja Club zaj\u0119cia dla doros\u0142ych z zakresu treningu przygotowuj\u0105cego do bieg\u00f3w z przeszkodami.\" \/>\n<meta name=\"robots\" content=\"index, follow, max-snippet:-1, max-image-preview:large, max-video-preview:-1\" \/>\n<link rel=\"canonical\" href=\"https:\/\/disport.fun\/index.php\/eventy\/\" \/>\n<meta property=\"og:locale\" content=\"pl_PL\" \/>\n<meta property=\"og:type\" content=\"article\" \/>\n<meta property=\"og:title\" content=\"Eventy - DI Sport\" \/>\n<meta property=\"og:description\" content=\"D.I. Sport Rodzinne Centrum Sportu oferuj\u0105ce szereg us\u0142ug z zakresu: squash, sauna, centrum treningu &amp; fizjoterapia zaj\u0119cia sportowe dla dzieci Ninja Club zaj\u0119cia dla doros\u0142ych z zakresu treningu przygotowuj\u0105cego do bieg\u00f3w z przeszkodami.\" \/>\n<meta property=\"og:url\" content=\"https:\/\/disport.fun\/index.php\/eventy\/\" \/>\n<meta property=\"og:site_name\" content=\"DI Sport\" \/>\n<meta property=\"article:publisher\" content=\"https:\/\/www.facebook.com\/rodzinnecentrumsportukrakow\" \/>\n<meta property=\"article:modified_time\" content=\"2024-01-17T05:55:10+00:00\" \/>\n<meta property=\"og:image\" content=\"https:\/\/disport.fun\/wp-content\/uploads\/2021\/11\/Kopia-Kopia-Kopia-Kopia-Kopia-Kopia-Technologia-finansowa-obecnie-1-1024x576.png\" \/>\n<meta name=\"twitter:card\" content=\"summary_large_image\" \/>\n<script type=\"application\/ld+json\" class=\"yoast-schema-graph\">{\"@context\":\"https:\/\/schema.org\",\"@graph\":[{\"@type\":\"Organization\",\"@id\":\"https:\/\/disport.fun\/#organization\",\"name\":\"DI Sport Rodzinne Centrum Sportu\",\"url\":\"https:\/\/disport.fun\/\",\"sameAs\":[\"https:\/\/www.facebook.com\/rodzinnecentrumsportukrakow\",\"https:\/\/www.instagram.com\/centrum_sportu_d.i.sport\/\"],\"logo\":{\"@type\":\"ImageObject\",\"@id\":\"https:\/\/disport.fun\/#logo\",\"inLanguage\":\"pl-PL\",\"url\":\"https:\/\/i2.wp.com\/disport.fun\/wp-content\/uploads\/2020\/08\/logo1.png?fit=500%2C500&ssl=1\",\"width\":500,\"height\":500,\"caption\":\"DI Sport Rodzinne Centrum Sportu\"},\"image\":{\"@id\":\"https:\/\/disport.fun\/#logo\"}},{\"@type\":\"WebSite\",\"@id\":\"https:\/\/disport.fun\/#website\",\"url\":\"https:\/\/disport.fun\/\",\"name\":\"DI Sport Krak\\u00f3w\",\"description\":\"Rodzinne centrum sportu\",\"publisher\":{\"@id\":\"https:\/\/disport.fun\/#organization\"},\"potentialAction\":[{\"@type\":\"SearchAction\",\"target\":\"https:\/\/disport.fun\/?s={search_term_string}\",\"query-input\":\"required name=search_term_string\"}],\"inLanguage\":\"pl-PL\"},{\"@type\":\"ImageObject\",\"@id\":\"https:\/\/disport.fun\/index.php\/eventy\/#primaryimage\",\"inLanguage\":\"pl-PL\",\"url\":\"https:\/\/i1.wp.com\/disport.fun\/wp-content\/uploads\/2021\/11\/Kopia-Kopia-Kopia-Kopia-Kopia-Kopia-Technologia-finansowa-obecnie-1.png?fit=1920%2C1080&ssl=1\",\"width\":1920,\"height\":1080},{\"@type\":\"WebPage\",\"@id\":\"https:\/\/disport.fun\/index.php\/eventy\/#webpage\",\"url\":\"https:\/\/disport.fun\/index.php\/eventy\/\",\"name\":\"Eventy - DI Sport\",\"isPartOf\":{\"@id\":\"https:\/\/disport.fun\/#website\"},\"primaryImageOfPage\":{\"@id\":\"https:\/\/disport.fun\/index.php\/eventy\/#primaryimage\"},\"datePublished\":\"2020-08-28T11:26:36+00:00\",\"dateModified\":\"2024-01-17T05:55:10+00:00\",\"description\":\"D.I. Sport Rodzinne Centrum Sportu oferuj\\u0105ce szereg us\\u0142ug z zakresu: squash, sauna, centrum treningu & fizjoterapia zaj\\u0119cia sportowe dla dzieci Ninja Club zaj\\u0119cia dla doros\\u0142ych z zakresu treningu przygotowuj\\u0105cego do bieg\\u00f3w z przeszkodami.\",\"inLanguage\":\"pl-PL\",\"potentialAction\":[{\"@type\":\"ReadAction\",\"target\":[\"https:\/\/disport.fun\/index.php\/eventy\/\"]}]}]}<\/script>\n<!-- \/ Yoast SEO plugin. -->","_links":{"self":[{"href":"https:\/\/disport.fun\/index.php\/wp-json\/wp\/v2\/pages\/696","targetHints":{"allow":["GET"]}}],"collection":[{"href":"https:\/\/disport.fun\/index.php\/wp-json\/wp\/v2\/pages"}],"about":[{"href":"https:\/\/disport.fun\/index.php\/wp-json\/wp\/v2\/types\/page"}],"author":[{"embeddable":true,"href":"https:\/\/disport.fun\/index.php\/wp-json\/wp\/v2\/users\/1"}],"replies":[{"embeddable":true,"href":"https:\/\/disport.fun\/index.php\/wp-json\/wp\/v2\/comments?post=696"}],"version-history":[{"count":22,"href":"https:\/\/disport.fun\/index.php\/wp-json\/wp\/v2\/pages\/696\/revisions"}],"predecessor-version":[{"id":25777,"href":"https:\/\/disport.fun\/index.php\/wp-json\/wp\/v2\/pages\/696\/revisions\/25777"}],"wp:attachment":[{"href":"https:\/\/disport.fun\/index.php\/wp-json\/wp\/v2\/media?parent=696"}],"curies":[{"name":"wp","href":"https:\/\/api.w.org\/{rel}","templated":true}]}}